
{"id":7192,"date":"2026-01-26T10:23:47","date_gmt":"2026-01-26T09:23:47","guid":{"rendered":"https:\/\/przedszkole56.edu.wroclaw.pl\/?page_id=7192"},"modified":"2026-01-26T10:39:13","modified_gmt":"2026-01-26T09:39:13","slug":"ksef","status":"publish","type":"page","link":"https:\/\/przedszkole56.edu.wroclaw.pl\/index.php\/kontakt\/ksef\/","title":{"rendered":"KSeF"},"content":{"rendered":"<p><strong><span style=\"font-family: verdana, geneva\">Wystawianie faktur dla Przedszkola nr 56 &#8222;Niezapominajka&#8221;<\/span><\/strong><\/p>\n<p><span style=\"font-family: verdana, geneva\">Je\u017celi zawarli\u015bcie Pa\u0144stwo umow\u0119 z Gmin\u0105 Wroc\u0142aw &#8211; Przedszkole nr 56 &#8222;Niezapominajka&#8221;, bardzo prosimy o wystawianie faktur za \u015bwiadczone us\u0142ugi lub dostawy w nast\u0119puj\u0105cy spos\u00f3b:<\/span><\/p>\n<p>&nbsp;<\/p>\n<p><span style=\"font-family: verdana, geneva\"><strong>Nabywca<\/strong>: Gmina Wroc\u0142aw, NIP 897 13 83 551<\/span><\/p>\n<p><span style=\"font-family: verdana, geneva\">plac Nowy Targ 1-8, 50-141 Wroc\u0142aw<\/span><\/p>\n<p><span style=\"font-family: verdana, geneva\"><strong>Podmiot inny<\/strong>: Przedszkole nr 56 &#8222;Niezapominajka&#8221;, NIP 899 24 20 754<\/span><\/p>\n<p><span style=\"font-family: verdana, geneva\">ul. Wa\u0142brzyska 16, 52-314 Wroc\u0142aw<\/span><\/p>\n<p>&nbsp;<\/p>\n<p><span style=\"font-family: verdana, geneva\">Je\u017celi wystawicie Pa\u0144stwo faktur\u0119 w spos\u00f3b wskazany powy\u017cej (tj. podacie Pa\u0144stwo na fakturze dwa numery NIP), faktura trafi z KSeF bezpo\u015brednio do w\u0142a\u015bciwej jednostki. Je\u017celi na fakturze nie b\u0119dzie podanego numeru NIP jednostki, utrudni i wyd\u0142u\u017cy to proces przydzielenia faktury do odpowiedniej jednostki.\u00a0<\/span><\/p>\n<p><span style=\"font-family: verdana, geneva\">Bardzo prosimy r\u00f3wnie\u017c o podawanie na fakturze numeru umowy\/zlecenia.\u00a0<\/span><\/p>\n<p><span style=\"font-family: verdana, geneva\">Powy\u017csze zasady dotycz\u0105 faktur wystawionych za po\u015brednictwem KSeF od dnia 01 lutego 2026 roku.\u00a0<\/span><\/p>\n","protected":false},"excerpt":{"rendered":"<p>Wystawianie faktur dla Przedszkola nr 56 &#8222;Niezapominajka&#8221; Je\u017celi zawarli\u015bcie Pa\u0144stwo umow\u0119 z Gmin\u0105 Wroc\u0142aw &#8211; Przedszkole nr 56 &#8222;Niezapominajka&#8221;, bardzo prosimy o wystawianie faktur za \u015bwiadczone us\u0142ugi lub dostawy w [&hellip;]<\/p>\n","protected":false},"author":72,"featured_media":0,"parent":455,"menu_order":0,"comment_status":"closed","ping_status":"closed","template":"","meta":{"ngg_post_thumbnail":0,"footnotes":""},"class_list":["post-7192","page","type-page","status-publish","hentry","clearfix"],"_links":{"self":[{"href":"https:\/\/przedszkole56.edu.wroclaw.pl\/index.php\/wp-json\/wp\/v2\/pages\/7192","targetHints":{"allow":["GET"]}}],"collection":[{"href":"https:\/\/przedszkole56.edu.wroclaw.pl\/index.php\/wp-json\/wp\/v2\/pages"}],"about":[{"href":"https:\/\/przedszkole56.edu.wroclaw.pl\/index.php\/wp-json\/wp\/v2\/types\/page"}],"author":[{"embeddable":true,"href":"https:\/\/przedszkole56.edu.wroclaw.pl\/index.php\/wp-json\/wp\/v2\/users\/72"}],"replies":[{"embeddable":true,"href":"https:\/\/przedszkole56.edu.wroclaw.pl\/index.php\/wp-json\/wp\/v2\/comments?post=7192"}],"version-history":[{"count":3,"href":"https:\/\/przedszkole56.edu.wroclaw.pl\/index.php\/wp-json\/wp\/v2\/pages\/7192\/revisions"}],"predecessor-version":[{"id":7197,"href":"https:\/\/przedszkole56.edu.wroclaw.pl\/index.php\/wp-json\/wp\/v2\/pages\/7192\/revisions\/7197"}],"up":[{"embeddable":true,"href":"https:\/\/przedszkole56.edu.wroclaw.pl\/index.php\/wp-json\/wp\/v2\/pages\/455"}],"wp:attachment":[{"href":"https:\/\/przedszkole56.edu.wroclaw.pl\/index.php\/wp-json\/wp\/v2\/media?parent=7192"}],"curies":[{"name":"wp","href":"https:\/\/api.w.org\/{rel}","templated":true}]}}