
{"id":6582,"date":"2025-09-05T11:06:35","date_gmt":"2025-09-05T09:06:35","guid":{"rendered":"https:\/\/przedszkole56.edu.wroclaw.pl\/?page_id=6582"},"modified":"2025-09-23T10:39:00","modified_gmt":"2025-09-23T08:39:00","slug":"judo","status":"publish","type":"page","link":"https:\/\/przedszkole56.edu.wroclaw.pl\/index.php\/judo\/","title":{"rendered":"Judo"},"content":{"rendered":"<div class=\"wpb-content-wrapper\"><p>[vc_row][vc_column][vc_column_text css=&#8221;&#8221;]<\/p>\n<div><span style=\"font-size: large\"><b>JUDO<\/b>\u00a0<b>dla przedszkolak\u00f3w &#8211; KS Praesidium Wroc\u0142aw<\/b><\/span><\/div>\n<h2><span style=\"font-size: small\">\u00a0 <img loading=\"lazy\" decoding=\"async\" class=\"alignnone size-medium wp-image-6586\" src=\"https:\/\/przedszkole56.edu.wroclaw.pl\/wp-content\/uploads\/sites\/51\/2025\/09\/praesidium-hero-1-300x136.png\" alt=\"\" width=\"300\" height=\"136\" srcset=\"https:\/\/przedszkole56.edu.wroclaw.pl\/wp-content\/uploads\/sites\/51\/2025\/09\/praesidium-hero-1-300x136.png 300w, https:\/\/przedszkole56.edu.wroclaw.pl\/wp-content\/uploads\/sites\/51\/2025\/09\/praesidium-hero-1-1024x464.png 1024w, https:\/\/przedszkole56.edu.wroclaw.pl\/wp-content\/uploads\/sites\/51\/2025\/09\/praesidium-hero-1-768x348.png 768w, https:\/\/przedszkole56.edu.wroclaw.pl\/wp-content\/uploads\/sites\/51\/2025\/09\/praesidium-hero-1-1536x696.png 1536w, https:\/\/przedszkole56.edu.wroclaw.pl\/wp-content\/uploads\/sites\/51\/2025\/09\/praesidium-hero-1.png 1700w\" sizes=\"auto, (max-width: 300px) 100vw, 300px\" \/>\u00a0 \u00a0 \u00a0<span style=\"font-size: 14pt\"><strong> <a href=\"https:\/\/przedszkole56.edu.wroclaw.pl\/wp-content\/uploads\/sites\/51\/2025\/09\/praesidium_dzieci_ulotka.pdf\">praesidium_dzieci_ulotka<\/a> \u00a0 \u00a0 \u00a0<\/strong> <\/span>\u00a0 \u00a0 \u00a0 \u00a0\u00a0<\/span><\/h2>\n<div><\/div>\n<div><\/div>\n<h2><span style=\"font-size: 12pt\">Drodzy Rodzice,<\/span><\/h2>\n<h2><span style=\"font-size: 12pt\">Serdecznie zapraszamy Pa\u0144stwa dzieci na zaj\u0119cia judo.<\/span><\/h2>\n<h2><span style=\"font-size: 12pt\">Treningi odbywaj\u0105 si\u0119 raz w tygodniu i trwaj\u0105 45 minut.<\/span><\/h2>\n<div><span style=\"font-size: small\">\u00a0<\/span><\/div>\n<h2><span style=\"font-size: 12pt\">Podczas zaj\u0119\u0107:<\/span><\/h2>\n<ul>\n<li>\n<h2><span style=\"font-size: 12pt\">uczymy podstaw judo przez zabaw\u0119,<\/span><\/h2>\n<\/li>\n<li>\n<h2><span style=\"font-size: 12pt\">rozwijamy sprawno\u015b\u0107 i koordynacj\u0119,<\/span><\/h2>\n<\/li>\n<li>\n<h2><span style=\"font-size: 12pt\">pokazujemy, jak bezpiecznie upada\u0107,<\/span><\/h2>\n<\/li>\n<li>\n<h2><span style=\"font-size: 12pt\">kszta\u0142tujemy warto\u015bci takie jak szacunek, przyja\u017a\u0144 i dyscyplina.<\/span><\/h2>\n<\/li>\n<\/ul>\n<h2><span style=\"font-size: 12pt;color: #3366ff\"><strong><em>To bezpieczna i radosna przygoda ze sportem !<\/em><\/strong><\/span><\/h2>\n<div><span style=\"font-size: small\">\u00a0<\/span><\/div>\n<div><span style=\"font-size: 14pt\">Koszt uczestnictwa w zaj\u0119ciach: 110 z\u0142 \/ miesi\u0105c.<\/span><\/div>\n<div><span style=\"font-size: 14pt\"><b>Pierwsze dwa treningi s\u0105 darmowe !<\/b><\/span><\/div>\n<div><span style=\"font-size: small\">\u00a0<\/span><\/div>\n<div><span style=\"font-size: 12pt;color: #3366ff\">Grafik zaj\u0119\u0107:<\/span><\/div>\n<p><span style=\"font-size: 14pt\"><strong>MA\u0141A NIEZAPOMINAJKA : wtorek 15:30-16:00<\/strong><\/span><\/p>\n<p><span style=\"font-size: 14pt\"><strong>DU\u017bA NIEZAPOMINAJKA : czwartek<\/strong><\/span><\/p>\n<p><span style=\"font-size: 14pt\"><strong>grupa 1 : 15:20-15:50<\/strong><\/span><\/p>\n<p><span style=\"font-size: 14pt\"><strong>grupa 2: 16:05-16:35<\/strong><\/span><\/p>\n<p><span style=\"font-size: 14pt\"><strong>WIELKA NIEZAPOMINAJKA : \u015broda<\/strong><\/span><\/p>\n<p><span style=\"font-size: 14pt\"><strong>grupa 1: 15:20-15:50<\/strong><\/span><\/p>\n<p><span style=\"font-size: 14pt\"><strong>grupa 2 16:05-16:35<\/strong><\/span><\/p>\n<div><span style=\"font-size: small\">\u00a0<\/span><\/div>\n<div><span style=\"font-size: small\">Szczeg\u00f3\u0142owe informacje znajdziecie Pa\u0144stwo na ulotkach i plakacie wywieszonym na terenie przedszkola.<\/span><\/div>\n<div><span style=\"font-size: small\">\u00a0<\/span><\/div>\n<div><span style=\"font-size: small\"><b>SERDECZNIE ZAPRASZAMY !<\/b><\/span><\/div>\n<p>[\/vc_column_text][\/vc_column][\/vc_row]<\/p>\n<\/div>","protected":false},"excerpt":{"rendered":"<p>[vc_row][vc_column][vc_column_text css=&#8221;&#8221;] JUDO\u00a0dla przedszkolak\u00f3w &#8211; KS Praesidium Wroc\u0142aw \u00a0 \u00a0 \u00a0 \u00a0 praesidium_dzieci_ulotka \u00a0 \u00a0 \u00a0 \u00a0 \u00a0 \u00a0 \u00a0\u00a0 Drodzy Rodzice, Serdecznie zapraszamy Pa\u0144stwa dzieci na zaj\u0119cia judo. Treningi [&hellip;]<\/p>\n","protected":false},"author":72,"featured_media":0,"parent":0,"menu_order":0,"comment_status":"closed","ping_status":"closed","template":"","meta":{"ngg_post_thumbnail":0,"footnotes":""},"class_list":["post-6582","page","type-page","status-publish","hentry","clearfix"],"_links":{"self":[{"href":"https:\/\/przedszkole56.edu.wroclaw.pl\/index.php\/wp-json\/wp\/v2\/pages\/6582","targetHints":{"allow":["GET"]}}],"collection":[{"href":"https:\/\/przedszkole56.edu.wroclaw.pl\/index.php\/wp-json\/wp\/v2\/pages"}],"about":[{"href":"https:\/\/przedszkole56.edu.wroclaw.pl\/index.php\/wp-json\/wp\/v2\/types\/page"}],"author":[{"embeddable":true,"href":"https:\/\/przedszkole56.edu.wroclaw.pl\/index.php\/wp-json\/wp\/v2\/users\/72"}],"replies":[{"embeddable":true,"href":"https:\/\/przedszkole56.edu.wroclaw.pl\/index.php\/wp-json\/wp\/v2\/comments?post=6582"}],"version-history":[{"count":10,"href":"https:\/\/przedszkole56.edu.wroclaw.pl\/index.php\/wp-json\/wp\/v2\/pages\/6582\/revisions"}],"predecessor-version":[{"id":6654,"href":"https:\/\/przedszkole56.edu.wroclaw.pl\/index.php\/wp-json\/wp\/v2\/pages\/6582\/revisions\/6654"}],"wp:attachment":[{"href":"https:\/\/przedszkole56.edu.wroclaw.pl\/index.php\/wp-json\/wp\/v2\/media?parent=6582"}],"curies":[{"name":"wp","href":"https:\/\/api.w.org\/{rel}","templated":true}]}}