
{"id":5941,"date":"2024-11-20T12:39:30","date_gmt":"2024-11-20T11:39:30","guid":{"rendered":"https:\/\/przedszkole56.edu.wroclaw.pl\/?page_id=5941"},"modified":"2026-03-13T11:39:21","modified_gmt":"2026-03-13T10:39:21","slug":"terapia-sensoryczna","status":"publish","type":"page","link":"https:\/\/przedszkole56.edu.wroclaw.pl\/index.php\/terapia-sensoryczna\/","title":{"rendered":"Terapia integracji sensorycznej"},"content":{"rendered":"<div class=\"wpb-content-wrapper\"><p>[vc_row][vc_column][vc_column_text css=&#8221;&#8221;]<\/p>\n<h2><span style=\"font-size: 14pt\"><strong><img loading=\"lazy\" decoding=\"async\" class=\"alignnone size-medium wp-image-5958\" src=\"https:\/\/przedszkole56.edu.wroclaw.pl\/wp-content\/uploads\/sites\/51\/2024\/11\/IMG_20241127_120054266-224x300.jpg\" alt=\"\" width=\"224\" height=\"300\" srcset=\"https:\/\/przedszkole56.edu.wroclaw.pl\/wp-content\/uploads\/sites\/51\/2024\/11\/IMG_20241127_120054266-224x300.jpg 224w, https:\/\/przedszkole56.edu.wroclaw.pl\/wp-content\/uploads\/sites\/51\/2024\/11\/IMG_20241127_120054266-766x1024.jpg 766w, https:\/\/przedszkole56.edu.wroclaw.pl\/wp-content\/uploads\/sites\/51\/2024\/11\/IMG_20241127_120054266-768x1026.jpg 768w, https:\/\/przedszkole56.edu.wroclaw.pl\/wp-content\/uploads\/sites\/51\/2024\/11\/IMG_20241127_120054266-1149x1536.jpg 1149w, https:\/\/przedszkole56.edu.wroclaw.pl\/wp-content\/uploads\/sites\/51\/2024\/11\/IMG_20241127_120054266-1532x2048.jpg 1532w, https:\/\/przedszkole56.edu.wroclaw.pl\/wp-content\/uploads\/sites\/51\/2024\/11\/IMG_20241127_120054266-scaled.jpg 1916w\" sizes=\"auto, (max-width: 224px) 100vw, 224px\" \/>\u00a0 \u00a0 \u00a0 \u00a0 \u00a0 \u00a0 \u00a0 \u00a0<\/strong><\/span><span style=\"font-size: 14pt\"><strong>\u00a0\u00a0 \u00a0 \u00a0\u00a0<\/strong><\/span><span style=\"font-size: 14pt\"><strong>\u00a0 <\/strong><\/span><strong style=\"font-size: 14pt\"><img loading=\"lazy\" decoding=\"async\" class=\"alignnone size-medium wp-image-5959\" src=\"https:\/\/przedszkole56.edu.wroclaw.pl\/wp-content\/uploads\/sites\/51\/2024\/11\/IMG_20241127_120105383_HDR-224x300.jpg\" alt=\"\" width=\"224\" height=\"300\" srcset=\"https:\/\/przedszkole56.edu.wroclaw.pl\/wp-content\/uploads\/sites\/51\/2024\/11\/IMG_20241127_120105383_HDR-224x300.jpg 224w, https:\/\/przedszkole56.edu.wroclaw.pl\/wp-content\/uploads\/sites\/51\/2024\/11\/IMG_20241127_120105383_HDR-766x1024.jpg 766w, https:\/\/przedszkole56.edu.wroclaw.pl\/wp-content\/uploads\/sites\/51\/2024\/11\/IMG_20241127_120105383_HDR-768x1026.jpg 768w, https:\/\/przedszkole56.edu.wroclaw.pl\/wp-content\/uploads\/sites\/51\/2024\/11\/IMG_20241127_120105383_HDR-1149x1536.jpg 1149w, https:\/\/przedszkole56.edu.wroclaw.pl\/wp-content\/uploads\/sites\/51\/2024\/11\/IMG_20241127_120105383_HDR-1532x2048.jpg 1532w, https:\/\/przedszkole56.edu.wroclaw.pl\/wp-content\/uploads\/sites\/51\/2024\/11\/IMG_20241127_120105383_HDR-scaled.jpg 1916w\" sizes=\"auto, (max-width: 224px) 100vw, 224px\" \/><\/strong><\/h2>\n<h2><span style=\"font-size: 18pt\"><strong><span style=\"font-size: 14pt\">T<\/span><\/strong><span style=\"font-size: 14pt\"><strong>erapeuta SI &#8211; mgr Agnieszka Bloch<\/strong><\/span><\/span><\/h2>\n<h2><strong style=\"font-size: 14pt\">Adres e-mail: agnblo1149@edu.wroclaw.pl\u00a0 \u00a0\u00a0<\/strong><\/h2>\n<p><span style=\"color: #0000ff\"><strong>Integracja Sensoryczna: Co Powinni Wiedzie\u0107 Rodzice?<\/strong><\/span><\/p>\n<p>Integracja sensoryczna to proces, w kt\u00f3rym m\u00f3zg przetwarza i organizuje informacje odbierane przez zmys\u0142y, takie jak dotyk, wzrok, s\u0142uch, w\u0119ch, smak oraz zmys\u0142 r\u00f3wnowagi i propriocepcji (\u015bwiadomo\u015bci cia\u0142a w przestrzeni). Prawid\u0142owa integracja sensoryczna jest kluczowa dla rozwoju dziecka i wp\u0142ywa na codzienne funkcjonowanie, uczenie si\u0119 oraz zachowanie. Wczesne rozpoznanie i wsparcie w zakresie integracji sensorycznej mo\u017ce przynie\u015b\u0107 znacz\u0105ce korzy\u015bci dla dzieci, kt\u00f3re maj\u0105 trudno\u015bci w tym obszarze.<\/p>\n<p>Objawy, kt\u00f3re mog\u0105 sugerowa\u0107 problemy z integracj\u0105 sensoryczn\u0105, obejmuj\u0105:<\/p>\n<p>&#8211; Nadwra\u017cliwo\u015b\u0107 lub podwra\u017cliwo\u015b\u0107 na bod\u017ace (np. d\u017awi\u0119ki, dotyk, \u015bwiat\u0142o)<\/p>\n<p>&#8211; Trudno\u015bci z koordynacj\u0105 ruchow\u0105<\/p>\n<p>&#8211; Problemy z koncentracj\u0105 i uwag\u0105<\/p>\n<p>&#8211; Trudno\u015bci w codziennych czynno\u015bciach, takich jak ubieranie si\u0119 czy jedzenie<\/p>\n<p>Rodzice odgrywaj\u0105 kluczow\u0105 rol\u0119 w wspieraniu swojego dziecka poprzez zrozumienie i wspieranie procesu terapii, tworzenie odpowiedniego \u015brodowiska domowego oraz wsp\u00f3\u0142prac\u0119 z terapeut\u0105.<\/p>\n<p><strong>\u00a0Na terapi\u0119 d<\/strong><strong>zieci s\u0105 kwalifikowane\u00a0<\/strong><strong> na podstawie dokument\u00f3w z poradni pedagogiczno &#8211; psychologicznej lub innych zalece\u0144\/ dokument\u00f3w\u00a0 specjalist\u00f3w.<\/strong><\/p>\n<p><span style=\"color: #0000ff\"><strong><em>W jaki spos\u00f3b prowadzone s\u0105 zaj\u0119cia SI w przedszkolu?<\/em><\/strong><\/span><\/p>\n<p>W ramach terapii integracji sensorycznej, dzieci uczestnicz\u0105 w zabawach i aktywno\u015bciach, kt\u00f3re pomagaj\u0105 im lepiej przetwarza\u0107 i reagowa\u0107 na bod\u017ace z otoczenia. Terapia ta jest dostosowana do indywidualnych potrzeb dziecka. W pracy skupiamy si\u0119 r\u00f3wnie\u017c na normalizacji pracy systemu nerwowego.<\/p>\n<p><span style=\"text-decoration: underline\"><strong>Grafik zaj\u0119\u0107 SI:<\/strong><\/span><\/p>\n<table style=\"width: 35.2255%\" width=\"613\">\n<tbody>\n<tr>\n<td style=\"width: 22.5284%;text-align: center\" width=\"123\"><strong>PONIEDZIA\u0141EK<\/strong><\/td>\n<td style=\"width: 18.8006%;text-align: center\" width=\"123\"><strong>WTOREK<\/strong><\/td>\n<td style=\"width: 18.4765%;text-align: center\" width=\"123\"><strong>\u015aRODA<\/strong><\/td>\n<td style=\"width: 19.611%;text-align: center\" width=\"123\"><strong>CZWARTEK<\/strong><\/td>\n<td style=\"width: 18.4765%;text-align: center\" width=\"123\"><strong>PI\u0104TEK<\/strong><\/td>\n<\/tr>\n<tr>\n<td style=\"width: 22.5284%;text-align: center\" width=\"123\">9.00 &#8211; 14.00<\/td>\n<td style=\"width: 18.8006%;text-align: center\" width=\"123\">&#8211;<\/td>\n<td style=\"width: 18.4765%;text-align: center\" width=\"123\">\u00a09.00 &#8211; 14.00<\/td>\n<td style=\"width: 19.611%;text-align: center\" width=\"123\">\u00a09.00 &#8211; 15.00<\/td>\n<td style=\"width: 18.4765%;text-align: center\" width=\"123\">\u00a09.00 &#8211; 15.00<\/td>\n<\/tr>\n<\/tbody>\n<\/table>\n<p>[\/vc_column_text][\/vc_column][\/vc_row][vc_row][vc_column][vc_column_text css=&#8221;&#8221;]<\/p>\n<h2><strong><span style=\"font-size: 14pt\"><a href=\"https:\/\/przedszkole56.edu.wroclaw.pl\/wp-content\/uploads\/sites\/51\/2026\/03\/Procedura-kwalifikowania-na-SI-2026.pdf\">Procedura kwalifikowania dzieci na zaj\u0119cia Integracji Sensorycznej\u00a0 (SI) <\/a><\/span><\/strong><\/h2>\n<p>[\/vc_column_text][\/vc_column][\/vc_row]<\/p>\n<\/div>","protected":false},"excerpt":{"rendered":"<p>[vc_row][vc_column][vc_column_text css=&#8221;&#8221;] \u00a0 \u00a0 \u00a0 \u00a0 \u00a0 \u00a0 \u00a0 \u00a0\u00a0\u00a0 \u00a0 \u00a0\u00a0\u00a0 Terapeuta SI &#8211; mgr Agnieszka Bloch Adres e-mail: agnblo1149@edu.wroclaw.pl\u00a0 \u00a0\u00a0 Integracja Sensoryczna: Co Powinni Wiedzie\u0107 Rodzice? Integracja sensoryczna [&hellip;]<\/p>\n","protected":false},"author":15,"featured_media":0,"parent":0,"menu_order":0,"comment_status":"closed","ping_status":"closed","template":"","meta":{"ngg_post_thumbnail":0,"footnotes":""},"class_list":["post-5941","page","type-page","status-publish","hentry","clearfix"],"_links":{"self":[{"href":"https:\/\/przedszkole56.edu.wroclaw.pl\/index.php\/wp-json\/wp\/v2\/pages\/5941","targetHints":{"allow":["GET"]}}],"collection":[{"href":"https:\/\/przedszkole56.edu.wroclaw.pl\/index.php\/wp-json\/wp\/v2\/pages"}],"about":[{"href":"https:\/\/przedszkole56.edu.wroclaw.pl\/index.php\/wp-json\/wp\/v2\/types\/page"}],"author":[{"embeddable":true,"href":"https:\/\/przedszkole56.edu.wroclaw.pl\/index.php\/wp-json\/wp\/v2\/users\/15"}],"replies":[{"embeddable":true,"href":"https:\/\/przedszkole56.edu.wroclaw.pl\/index.php\/wp-json\/wp\/v2\/comments?post=5941"}],"version-history":[{"count":13,"href":"https:\/\/przedszkole56.edu.wroclaw.pl\/index.php\/wp-json\/wp\/v2\/pages\/5941\/revisions"}],"predecessor-version":[{"id":7389,"href":"https:\/\/przedszkole56.edu.wroclaw.pl\/index.php\/wp-json\/wp\/v2\/pages\/5941\/revisions\/7389"}],"wp:attachment":[{"href":"https:\/\/przedszkole56.edu.wroclaw.pl\/index.php\/wp-json\/wp\/v2\/media?parent=5941"}],"curies":[{"name":"wp","href":"https:\/\/api.w.org\/{rel}","templated":true}]}}