
{"id":41,"date":"2020-11-06T12:03:29","date_gmt":"2020-11-06T11:03:29","guid":{"rendered":"https:\/\/przedszkole56.edu.wroclaw.pl\/?page_id=41"},"modified":"2024-05-10T12:55:40","modified_gmt":"2024-05-10T10:55:40","slug":"logopedia","status":"publish","type":"page","link":"https:\/\/przedszkole56.edu.wroclaw.pl\/index.php\/logopedia\/","title":{"rendered":"Logopeda"},"content":{"rendered":"<div class=\"wpb-content-wrapper\"><p>[vc_row][vc_column][vc_column_text]<span style=\"font-size: 14pt\"><strong><img loading=\"lazy\" decoding=\"async\" class=\"alignnone size-medium wp-image-5370\" src=\"https:\/\/przedszkole56.edu.wroclaw.pl\/wp-content\/uploads\/sites\/51\/2024\/05\/logopeda-300x245.png\" alt=\"\" width=\"300\" height=\"245\" srcset=\"https:\/\/przedszkole56.edu.wroclaw.pl\/wp-content\/uploads\/sites\/51\/2024\/05\/logopeda-300x245.png 300w, https:\/\/przedszkole56.edu.wroclaw.pl\/wp-content\/uploads\/sites\/51\/2024\/05\/logopeda.png 749w\" sizes=\"auto, (max-width: 300px) 100vw, 300px\" \/><\/strong><\/span><\/p>\n<p><span style=\"font-size: 14pt\"><strong>Zaj\u0119cia prowadzi<\/strong><\/span><\/p>\n<p><span style=\"font-size: 14pt\">Du\u017ca Niezapominajka &#8211; mgr Jolanta Skupska, tel. 71\/ 798 67 99 wew. 149<\/span><\/p>\n<p><span style=\"font-size: 14pt\">Ma\u0142a Niezapominajka &#8211; mgr Kalina Warmi\u0144ska<\/span><\/p>\n<p><span style=\"font-size: 14pt\">Wielka Niezapominajka\u00a0 &#8211; mgr Kalina Warmi\u0144ska, tel. 71\/ 798 67 99 wew. 155<br \/>\n<\/span>[\/vc_column_text][\/vc_column][\/vc_row][vc_row][vc_column][vc_column_text]<span style=\"font-size: 14pt\"><strong>Do pobrania:<\/strong><\/span><\/p>\n<p><span style=\"font-size: 14pt\"><a href=\"https:\/\/przedszkole56.edu.wroclaw.pl\/wp-content\/uploads\/sites\/51\/2020\/11\/logopedia-wyjazd-nad-morze.zip\" target=\"_blank\" rel=\"noopener noreferrer\">Zestaw \u0107wicze\u0144 logopedycznych &#8211; Wyjazd nad morze &#8211; do pobrania w formacie zip<\/a><\/span><\/p>\n<p><span style=\"font-size: 14pt\"><a href=\"https:\/\/przedszkole56.edu.wroclaw.pl\/wp-content\/uploads\/sites\/51\/2020\/11\/Cwiczenia_logopedyczne_-02-07.pdf\" target=\"_blank\" rel=\"noopener noreferrer\">\u0106wiczenia logopedyczne &#8211; Lato, r\u00f3\u017cnicowanie l-r cz.1 &#8211; dokument w formacie pdf<\/a><\/span><\/p>\n<p><span style=\"font-size: 14pt\"><a href=\"https:\/\/przedszkole56.edu.wroclaw.pl\/wp-content\/uploads\/sites\/51\/2020\/11\/CWICZENIA_I_ZABAWY_LOGOPEDYCZNE-807.pdf\" target=\"_blank\" rel=\"noopener noreferrer\">\u0106wiczenia logopedyczne &#8211; Lato, r\u00f3\u017cnicowanie l-r cz.2 &#8211; dokument w formacie pdf<\/a><\/span><\/p>\n<p><span style=\"font-size: 14pt\"><a href=\"https:\/\/przedszkole56.edu.wroclaw.pl\/wp-content\/uploads\/sites\/51\/2020\/11\/zestaw-logopedyczny2.zip\" target=\"_blank\" rel=\"noopener noreferrer\">Zestaw zabaw i \u0107wicze\u0144 logopedycznych &#8211; do pobrania w formacie pdf<\/a><\/span><\/p>\n<p><span style=\"font-size: 14pt\"><a href=\"https:\/\/przedszkole56.edu.wroclaw.pl\/index.php\/logopedia\/cwiczenia_logopedyczne_22-06-2020\/\" target=\"_blank\" rel=\"attachment noopener wp-att-56 noreferrer\">\u0106wiczenia logopedyczne &#8211; 22 czerwca &#8211; dokument w formacie pdf<\/a><\/span><\/p>\n<p><span style=\"font-size: 14pt\"><a href=\"https:\/\/przedszkole56.edu.wroclaw.pl\/index.php\/logopedia\/zestaw-logopedyczny1\/\" target=\"_blank\" rel=\"attachment noopener wp-att-152 noreferrer\">Zestaw \u0107wicze\u0144 logopedycznych &#8211; do pobrania w formacie zip<\/a><\/span><\/p>\n<p><span style=\"font-size: 14pt\"><a href=\"https:\/\/przedszkole56.edu.wroclaw.pl\/index.php\/logopedia\/logopedia_9_czerwca\/\" target=\"_blank\" rel=\"attachment noopener wp-att-153 noreferrer\">\u0106wiczenia logopedyczne &#8211; 9 czerwca &#8211; dokument w formacie pdf<\/a><\/span><\/p>\n<p><span style=\"font-size: 14pt\"><a href=\"https:\/\/przedszkole56.edu.wroclaw.pl\/index.php\/logopedia\/propozycje_zabaw_i_cwiczen_logopedycznych\/\" target=\"_blank\" rel=\"attachment noopener wp-att-154 noreferrer\">Propozycje zabaw i \u0107wicze\u0144 logopedycznych &#8211; dokument w formacie pdf<\/a><\/span><\/p>\n<p><span style=\"font-size: 14pt\"><a href=\"https:\/\/przedszkole56.edu.wroclaw.pl\/wp-content\/uploads\/sites\/51\/2020\/11\/logopedia_1-5_czerwca.pdf\" target=\"_blank\" rel=\"noopener noreferrer\">\u0106wiczenia logopedyczne &#8211; 1 &#8211; 5 czerwca &#8211; dokument w formacie pdf<\/a><\/span><\/p>\n<p><span style=\"font-size: 14pt\"><a href=\"https:\/\/przedszkole56.edu.wroclaw.pl\/wp-content\/uploads\/sites\/51\/2020\/11\/SPOSOBY_WYWOLYWANIA_GLOSEK_-W_I_F.pdf\" target=\"_blank\" rel=\"noopener noreferrer\">Sposoby wywo\u0142ywania g\u0142osek W I F &#8211; dokument w formacie pdf<\/a><\/span><\/p>\n<p><span style=\"font-size: 14pt\"><a href=\"https:\/\/przedszkole56.edu.wroclaw.pl\/wp-content\/uploads\/sites\/51\/2020\/11\/Cwiczenia_logopedyczne_dla_dzieci_przedszkolnych.pdf\">\u0106wiczenia logopedyczne dla dzieci przedszkolnych cz. 3 &#8211; dokument w formacie pdf<\/a><\/span><\/p>\n<p><span style=\"font-size: 14pt\"><a href=\"https:\/\/przedszkole56.edu.wroclaw.pl\/wp-content\/uploads\/sites\/51\/2020\/11\/logopedia-25-maja.pdf\" target=\"_blank\" rel=\"noopener noreferrer\">\u0106wiczenia logopedyczne &#8211; 25 maja &#8211; dokument w formacie pdf<\/a><\/span><\/p>\n<p><span style=\"font-size: 14pt\"><a href=\"https:\/\/przedszkole56.edu.wroclaw.pl\/wp-content\/uploads\/sites\/51\/2020\/11\/logopedia-18-maja.pdf\" target=\"_blank\" rel=\"noopener noreferrer\">\u0106wiczenia logopedyczne &#8211; 18 maja &#8211; dokument w formacie pdf<\/a><\/span><\/p>\n<p><span style=\"font-size: 14pt\"><a href=\"https:\/\/przedszkole56.edu.wroclaw.pl\/wp-content\/uploads\/sites\/51\/2020\/11\/PROSTE_CWICZENIA_LOGOPEDYCZNE.pdf\" target=\"_blank\" rel=\"noopener noreferrer\">Proste \u0107wiczenia logopedyczne &#8211; dokument w formacie pdf<\/a><\/span><\/p>\n<p><span style=\"font-size: 14pt\"><a href=\"https:\/\/przedszkole56.edu.wroclaw.pl\/wp-content\/uploads\/sites\/51\/2020\/11\/BAJKI_LOGOPEDYCZNE_I_ZABAWY.pdf\" target=\"_blank\" rel=\"noopener noreferrer\">Bajki logopedyczne i zabawy &#8211; dokument w formacie pdf<\/a><\/span><\/p>\n<p><span style=\"font-size: 14pt\"><a href=\"https:\/\/przedszkole56.edu.wroclaw.pl\/wp-content\/uploads\/sites\/51\/2020\/11\/mamo-tato-pocwicz-ze-mna.pdf\" target=\"_blank\" rel=\"noopener noreferrer\">Mamo, tato po\u0107wicz ze mn\u0105 &#8211; dokument w formacie pdf<\/a><\/span><\/p>\n<p><span style=\"font-size: 14pt\"><a href=\"https:\/\/przedszkole56.edu.wroclaw.pl\/wp-content\/uploads\/sites\/51\/2020\/11\/potrafie-szumiec-6-latki.pdf\" target=\"_blank\" rel=\"noopener noreferrer\">Potrafi\u0119 szumie\u0107 &#8211; \u0107wiczenia dla 6-latk\u00f3w &#8211; dokument w formacie pdf<\/a><\/span><\/p>\n<p><span style=\"font-size: 14pt\"><a href=\"https:\/\/przedszkole56.edu.wroclaw.pl\/wp-content\/uploads\/sites\/51\/2020\/11\/logopedia-28-04.pdf\" target=\"_blank\" rel=\"noopener noreferrer\">POMY\u015aL, POWIEDZ, BAW SI\u0118 \u2013 ZABAWY LOGOPEDYCZNE &#8211; dokument w formacie pdf<\/a><\/span><\/p>\n<p><span style=\"font-size: 14pt\"><a href=\"https:\/\/przedszkole56.edu.wroclaw.pl\/wp-content\/uploads\/sites\/51\/2020\/11\/ROZNICOWANIE-SZ-I-S.pdf\" target=\"_blank\" rel=\"noopener noreferrer\">R\u00f3\u017cnicowanie &#8222;SZ&#8221; i &#8222;S&#8221; &#8211; dokument w formacie pdf<\/a><\/span>[\/vc_column_text][vc_column_text]<span style=\"font-size: 14pt\"><strong>Dzie\u0144 Ziemi:<\/strong><\/span><\/p>\n<p><span style=\"font-size: 14pt\"><a href=\"https:\/\/przedszkole56.edu.wroclaw.pl\/wp-content\/uploads\/sites\/51\/2020\/11\/logopedia-Swieto-Ziemi.pdf\" target=\"_blank\" rel=\"noopener noreferrer\">Dzie\u0144 Ziemi &#8211; Logopedia &#8211; dokument w formacie pdf<\/a><\/span><\/p>\n<p><span style=\"font-size: 14pt\"><a href=\"https:\/\/przedszkole56.edu.wroclaw.pl\/wp-content\/uploads\/sites\/51\/2020\/11\/DZIEN-ZIEMI-MINKI.pdf\" target=\"_blank\" rel=\"noopener noreferrer\">Dzie\u0144 Ziemi &#8211; Minki &#8211; dokument w formacie pdf<\/a><\/span><\/p>\n<p><span style=\"font-size: 14pt\"><a href=\"https:\/\/przedszkole56.edu.wroclaw.pl\/wp-content\/uploads\/sites\/51\/2020\/11\/zgas-swiatlo.pdf\" target=\"_blank\" rel=\"noopener noreferrer\">Dzie\u0144 Ziemi &#8211; Gra &#8222;Zga\u015b \u015bwiat\u0142o&#8221; &#8211; dokument w formacie pdf<\/a><\/span><\/p>\n<p><span style=\"font-size: 14pt\"><a href=\"https:\/\/przedszkole56.edu.wroclaw.pl\/wp-content\/uploads\/sites\/51\/2020\/11\/Gra-planszowa-z-gloska-r.pdf\" target=\"_blank\" rel=\"noopener noreferrer\">Dzie\u0144 Ziemi &#8211; Gra planszowa g\u0142oska R &#8211; dokument w formacie pdf<\/a><\/span><\/p>\n<p><span style=\"font-size: 14pt\"><a href=\"https:\/\/przedszkole56.edu.wroclaw.pl\/wp-content\/uploads\/sites\/51\/2020\/11\/Ziemia-Gra-SZ.pdf\" target=\"_blank\" rel=\"noopener noreferrer\">Dzie\u0144 Ziemi &#8211; Gra planszowa g\u0142oska SZ &#8211; dokument w formacie pdf<\/a><\/span><\/p>\n<p><span style=\"font-size: 14pt\"><a href=\"https:\/\/przedszkole56.edu.wroclaw.pl\/wp-content\/uploads\/sites\/51\/2020\/11\/Ziemia-Gra-PUSTE-KOLOROWE.pdf\" target=\"_blank\" rel=\"noopener noreferrer\">Dzie\u0144 Ziemi &#8211; Gra planszowa &#8211; pusta &#8211; dokument w formacie pdf<\/a><\/span><\/p>\n<p><span style=\"font-size: 14pt\"><a href=\"https:\/\/przedszkole56.edu.wroclaw.pl\/wp-content\/uploads\/sites\/51\/2020\/11\/Ziemia-Gra-PUSTE-BW.pdf\" target=\"_blank\" rel=\"noopener noreferrer\">Dzie\u0144 Ziemi &#8211; Gra planszowa &#8211; pusta czarno-bia\u0142a &#8211; dokument w formacie pdf<\/a><\/span>[\/vc_column_text][\/vc_column][\/vc_row][vc_row][vc_column][vc_column_text]<span style=\"font-size: 14pt\"><a href=\"https:\/\/przedszkole56.edu.wroclaw.pl\/wp-content\/uploads\/sites\/51\/2020\/11\/co-widze-za-oknem.pdf\" target=\"_blank\" rel=\"noopener noreferrer\">Co widz\u0119 za oknem? &#8211; dokument w formacie pdf<\/a><\/span><\/p>\n<p><span style=\"font-size: 14pt\"><a href=\"https:\/\/przedszkole56.edu.wroclaw.pl\/wp-content\/uploads\/sites\/51\/2020\/11\/Cwiczenia-glosek-f-i-w.pdf\" target=\"_blank\" rel=\"noopener noreferrer\">Zestaw \u0107wicze\u0144 &#8211; g\u0142oski \u201ef\u201d i \u201ew\u201d &#8211; dokument w formacie pdf<\/a><\/span><\/p>\n<p><span style=\"font-size: 14pt\"><a href=\"https:\/\/przedszkole56.edu.wroclaw.pl\/wp-content\/uploads\/sites\/51\/2020\/11\/przedmioty-codziennego-uzytku.pdf\" target=\"_blank\" rel=\"noopener noreferrer\">Przedmioty codziennego u\u017cytku wykorzystywane w terapii logopedycznej &#8211; dokument w formacie pdf<\/a><\/span><\/p>\n<p><span style=\"font-size: 14pt\"><a href=\"https:\/\/przedszkole56.edu.wroclaw.pl\/wp-content\/uploads\/sites\/51\/2020\/11\/CWICZENIA_SZ_I_S.pdf\" target=\"_blank\" rel=\"noopener noreferrer\">\u0106wiczenia SZ I S &#8211; dokument w formacie pdf<\/a><\/span><\/p>\n<p><span style=\"font-size: 14pt\"><a href=\"https:\/\/przedszkole56.edu.wroclaw.pl\/wp-content\/uploads\/sites\/51\/2020\/11\/Cwiczenia_k_i_g_i_zabawy_logopedyczne.pdf\" target=\"_blank\" rel=\"noopener noreferrer\">Zestaw \u0107wicze\u0144 &#8211; g\u0142oski \u201ek\u201d \u201eg\u201d &#8211; dokument w formacie pdf<\/a><\/span><\/p>\n<p><span style=\"font-size: 14pt\"><a href=\"https:\/\/przedszkole56.edu.wroclaw.pl\/wp-content\/uploads\/sites\/51\/2020\/11\/jajka-roznicowanie_SZ-CZ.pdf\" target=\"_blank\" rel=\"noopener noreferrer\">Jajka &#8211; r\u00f3\u017cnicowanie &#8222;SZ&#8221; i &#8222;CZ&#8221; &#8211; dokument w formacie pdf<\/a><\/span><\/p>\n<p><span style=\"font-size: 14pt\"><a href=\"https:\/\/przedszkole56.edu.wroclaw.pl\/wp-content\/uploads\/sites\/51\/2020\/11\/logopedia_cwiczenia_7.04.pdf\" target=\"_blank\" rel=\"noopener noreferrer\">\u0106wiczenia oddechowe- przenoszenie drobnych obrazk\u00f3w za pomoc\u0105 s\u0142omki &#8211; dokument w formacie pdf<\/a><\/span><\/p>\n<p><span style=\"font-size: 14pt\"><a href=\"https:\/\/przedszkole56.edu.wroclaw.pl\/wp-content\/uploads\/sites\/51\/2020\/11\/Cwiczenia_przygotowujace_-do_wywolywania_gloski.pdf\" target=\"_blank\" rel=\"noopener noreferrer\">\u0106wiczenia przygotowuj\u0105ce do wywo\u0142ywania g\u0142oski \u201er\u201d &#8211; dokument w formacie pdf<\/a><\/span><\/p>\n<p><span style=\"font-size: 14pt\"><a href=\"https:\/\/przedszkole56.edu.wroclaw.pl\/wp-content\/uploads\/sites\/51\/2020\/11\/gimnastyka_buzi_i_jezyka.pdf\" target=\"_blank\" rel=\"noopener noreferrer\">Gimnastyka buzi i j\u0119zyka &#8211; dokument w formacie pdf<\/a><\/span><\/p>\n<p><span style=\"font-size: 14pt\"><a href=\"https:\/\/przedszkole56.edu.wroclaw.pl\/wp-content\/uploads\/sites\/51\/2020\/11\/mowa-dziecka.pdf\" target=\"_blank\" rel=\"noopener noreferrer\">Mowa dziecka &#8211; dokument w formacie pdf<\/a><\/span><\/p>\n<p><span style=\"font-size: 14pt\"><a href=\"https:\/\/przedszkole56.edu.wroclaw.pl\/wp-content\/uploads\/sites\/51\/2020\/11\/Jak-cwiczyc-sluch-fonematyczny.pdf\" target=\"_blank\" rel=\"noopener noreferrer\">Jak \u0107wiczy\u0107 s\u0142uch fonematyczny \u2013 wskaz\u00f3wki dla rodzic\u00f3w &#8211; dokument w formacie pdf<\/a><\/span><\/p>\n<p><span style=\"font-size: 14pt\"><a href=\"https:\/\/przedszkole56.edu.wroclaw.pl\/wp-content\/uploads\/sites\/51\/2020\/11\/BAJKA_LOGOPEDYCZNA_Dzungla.pdf\" target=\"_blank\" rel=\"noopener noreferrer\">Bajka logopedyczna &#8211; &#8222;D\u017cungla&#8221; &#8211; dokument w formacie pdf<\/a><\/span><\/p>\n<p><span style=\"font-size: 14pt\"><a href=\"https:\/\/przedszkole56.edu.wroclaw.pl\/wp-content\/uploads\/sites\/51\/2020\/11\/SLIMAK_SYLABY.pdf\" target=\"_blank\" rel=\"noopener noreferrer\">Utrwalenie prawid\u0142owej wymowy g\u0142osek &#8211; dokument w formacie pdf<\/a><\/span>[\/vc_column_text][\/vc_column][\/vc_row][vc_row][vc_column][vc_gallery type=&#8221;image_grid&#8221; images=&#8221;248,247,246,245,244&#8243; img_size=&#8221;medium&#8221; onclick=&#8221;img_link_large&#8221; custom_links_target=&#8221;_blank&#8221; title=&#8221;Usprawnianie narz\u0105d\u00f3w mowy:&#8221;][\/vc_column][\/vc_row]<\/p>\n<\/div>","protected":false},"excerpt":{"rendered":"<p>[vc_row][vc_column][vc_column_text] Zaj\u0119cia prowadzi Du\u017ca Niezapominajka &#8211; mgr Jolanta Skupska, tel. 71\/ 798 67 99 wew. 149 Ma\u0142a Niezapominajka &#8211; mgr Kalina Warmi\u0144ska Wielka Niezapominajka\u00a0 &#8211; mgr Kalina Warmi\u0144ska, tel. 71\/ [&hellip;]<\/p>\n","protected":false},"author":72,"featured_media":0,"parent":0,"menu_order":0,"comment_status":"closed","ping_status":"closed","template":"","meta":{"ngg_post_thumbnail":0,"footnotes":""},"class_list":["post-41","page","type-page","status-publish","hentry","clearfix"],"_links":{"self":[{"href":"https:\/\/przedszkole56.edu.wroclaw.pl\/index.php\/wp-json\/wp\/v2\/pages\/41","targetHints":{"allow":["GET"]}}],"collection":[{"href":"https:\/\/przedszkole56.edu.wroclaw.pl\/index.php\/wp-json\/wp\/v2\/pages"}],"about":[{"href":"https:\/\/przedszkole56.edu.wroclaw.pl\/index.php\/wp-json\/wp\/v2\/types\/page"}],"author":[{"embeddable":true,"href":"https:\/\/przedszkole56.edu.wroclaw.pl\/index.php\/wp-json\/wp\/v2\/users\/72"}],"replies":[{"embeddable":true,"href":"https:\/\/przedszkole56.edu.wroclaw.pl\/index.php\/wp-json\/wp\/v2\/comments?post=41"}],"version-history":[{"count":26,"href":"https:\/\/przedszkole56.edu.wroclaw.pl\/index.php\/wp-json\/wp\/v2\/pages\/41\/revisions"}],"predecessor-version":[{"id":5371,"href":"https:\/\/przedszkole56.edu.wroclaw.pl\/index.php\/wp-json\/wp\/v2\/pages\/41\/revisions\/5371"}],"wp:attachment":[{"href":"https:\/\/przedszkole56.edu.wroclaw.pl\/index.php\/wp-json\/wp\/v2\/media?parent=41"}],"curies":[{"name":"wp","href":"https:\/\/api.w.org\/{rel}","templated":true}]}}