
{"id":4096,"date":"2022-11-28T11:58:35","date_gmt":"2022-11-28T10:58:35","guid":{"rendered":"https:\/\/przedszkole56.edu.wroclaw.pl\/?page_id=4096"},"modified":"2026-01-20T19:17:34","modified_gmt":"2026-01-20T18:17:34","slug":"pedagog","status":"publish","type":"page","link":"https:\/\/przedszkole56.edu.wroclaw.pl\/index.php\/pedagog\/","title":{"rendered":"Pedagog"},"content":{"rendered":"<div class=\"wpb-content-wrapper\"><p>[vc_row][vc_column][vc_column_text css=&#8221;&#8221;]<\/p>\n<h2><strong>Pedagog specjalny &#8211; mgr Marika Bu\u0142a<\/strong><\/h2>\n<h2><strong>Kontakt:<\/strong><\/h2>\n<h2><strong>mail:\u00a0 <a href=\"mailto:marbul4006@edu.wroclaw.pl\">marbul4006@edu.wroclaw.pl<\/a><\/strong><\/h2>\n<h2><strong>tel. (71)\u00a0 798 67 99 wew. 155 lub 149<\/strong><\/h2>\n<p>&nbsp;<\/p>\n<p><span style=\"font-size: 14pt\"><strong><em>Pedagog specjalny w przedszkolu to osoba, kt\u00f3ra pe\u0142ni bardzo szerok\u0105 rol\u0119: pomaga dzieciom w przezwyci\u0119\u017caniu trudno\u015bci rozwojowych i edukacyjnych, wspiera nauczycieli w dostosowywaniu metod pracy, a tak\u017ce udziela wsparcia rodzicom w wychowywaniu i wspieraniu rozwoju ich dzieci. Dzia\u0142a na rzecz inkluzji i r\u00f3wno\u015bci szans dla wszystkich dzieci, niezale\u017cnie od ich indywidualnych potrzeb i wyzwa\u0144, przed kt\u00f3rymi stoj\u0105.<\/em><\/strong><\/span><\/p>\n<p>&nbsp;<\/p>\n<p>Oto szczeg\u00f3\u0142owe zadania pedagoga specjalnego w przedszkolu:<\/p>\n<h3>1. Zadania wzgl\u0119dem dzieci:<\/h3>\n<ul>\n<li>Diagnoza i ocena rozwoju dziecka: Pedagog specjalny obserwuje dzieci w grupie, identyfikuje ich potrzeby oraz trudno\u015bci rozwojowe, emocjonalne, poznawcze czy spo\u0142eczne. Na podstawie obserwacji mo\u017ce wskaza\u0107, kt\u00f3re dzieci potrzebuj\u0105 wsparcia specjalistycznego (np. terapia mowy, zaj\u0119cia z integracji sensorycznej, terapia zaj\u0119ciowa, logopedia, trening jedzenia, terapia psychologiczna, TUS, terapia r\u0119ki).<\/li>\n<li>Indywidualne plany terapeutyczne i edukacyjne: Na podstawie diagnozy pedagog opracowuje indywidualne plany pracy, kt\u00f3re uwzgl\u0119dniaj\u0105 specyficzne potrzeby dziecka (np. pomoc w nauce, wspieranie rozwoju spo\u0142ecznego i emocjonalnego). Mo\u017ce organizowa\u0107 dodatkowe zaj\u0119cia wspomagaj\u0105ce rozw\u00f3j w obszarach, w kt\u00f3rych dziecko napotyka trudno\u015bci.<\/li>\n<li>Wsparcie w integracji w grupie: Pedagog specjalny pomaga dziecku w integracji z r\u00f3wie\u015bnikami, ucz\u0105c umiej\u0119tno\u015bci spo\u0142ecznych (np. wsp\u00f3\u0142pracy, dzielenia si\u0119, rozwi\u0105zywania konflikt\u00f3w). Pracuje nad zwi\u0119kszeniem poczucia bezpiecze\u0144stwa i pewno\u015bci siebie dziecka w grupie.<\/li>\n<li>Terapia indywidualna: Je\u015bli dziecko wymaga specjalistycznego wsparcia (np. wspieranie mowy i komunikacji, terapia zaj\u0119ciowa, terapia ruchowa, pokonywanie bariery j\u0119zykowej, treningi umiej\u0119tno\u015bci spo\u0142ecznych), pedagog specjalny prowadzi odpowiednie \u0107wiczenia lub organizuje zaj\u0119cia terapeutyczne.<\/li>\n<\/ul>\n<h3>2. Zadania wzgl\u0119dem plac\u00f3wki (przedszkola):<\/h3>\n<ul>\n<li>Wsp\u00f3\u0142praca w opracowywaniu program\u00f3w edukacyjnych: Pedagog specjalny wsp\u00f3\u0142pracuje z innymi nauczycielami w tworzeniu program\u00f3w nauczania, kt\u00f3re uwzgl\u0119dniaj\u0105 potrzeby dzieci ze specjalnymi wymaganiami. Mo\u017ce proponowa\u0107 modyfikacje w metodach nauczania, kt\u00f3re sprawi\u0105, \u017ce dzieci b\u0119d\u0105 mog\u0142y lepiej przyswaja\u0107 materia\u0142.<\/li>\n<li>Promowanie inkluzji: Pedagog specjalny pracuje na rzecz w\u0142\u0105czenia dzieci z r\u00f3\u017cnymi trudno\u015bciami w \u017cycie grupy, dbaj\u0105c o to, aby mia\u0142y one r\u00f3wne szanse w nauce i zabawie. Podejmuje dzia\u0142ania na rzecz w\u0142\u0105czenia dzieci z niepe\u0142nosprawno\u015bciami lub innymi trudno\u015bciami do wsp\u00f3lnych aktywno\u015bci przedszkolnych.<\/li>\n<li>Szkolenie personelu: Pedagog specjalny mo\u017ce organizowa\u0107 spotkania i szkolenia dla nauczycieli przedszkolnych, ucz\u0105c ich rozpoznawania trudno\u015bci rozwojowych i pedagogicznych oraz wprowadzania odpowiednich metod pracy z dzie\u0107mi. Wspiera nauczycieli w pracy z dzie\u0107mi o specjalnych potrzebach edukacyjnych.<\/li>\n<li>Udzia\u0142 w tworzeniu i wdra\u017caniu program\u00f3w wychowawczych, terapeutycznych i profilaktycznych: Pedagog mo\u017ce anga\u017cowa\u0107 si\u0119 w tworzenie i realizacj\u0119 program\u00f3w terapeutycznych dla dzieci z trudno\u015bciami w nauce lub rozwoju, takich jak programy wczesnej interwencji.<\/li>\n<\/ul>\n<h3>3. Zadania wzgl\u0119dem rodzic\u00f3w:<\/h3>\n<ul>\n<li>Wsparcie w rozwi\u0105zywaniu problem\u00f3w wychowawczych: Pedagog specjalny oferuje pomoc rodzicom, kt\u00f3rzy maj\u0105 trudno\u015bci w wychowywaniu dziecka, szczeg\u00f3lnie je\u015bli dziecko ma specyficzne potrzeby. Mo\u017ce udziela\u0107 porad wychowawczych, wskaz\u00f3wek, jak radzi\u0107 sobie z problemami emocjonalnymi lub spo\u0142ecznymi dziecka.<\/li>\n<li>Edukacja rodzic\u00f3w: Pedagog specjalny mo\u017ce organizowa\u0107 spotkania, warsztaty lub konsultacje dla rodzic\u00f3w, kt\u00f3re pomog\u0105 im lepiej zrozumie\u0107 potrzeby ich dziecka i nauczy\u0107 ich skutecznych metod wspierania rozwoju. Mo\u017ce r\u00f3wnie\u017c udziela\u0107 informacji o dost\u0119pnych formach terapii czy innych formach wsparcia.<\/li>\n<li>Koordynowanie wsp\u00f3\u0142pracy z innymi specjalistami: W przypadku dzieci, kt\u00f3re wymagaj\u0105 pomocy innych specjalist\u00f3w, pedagog specjalny mo\u017ce pomaga\u0107 rodzicom w kontaktach z psychologiem, logoped\u0105, terapeut\u0105 zaj\u0119ciowym, a tak\u017ce w organizowaniu odpowiednich terapii.<\/li>\n<li>Ocena post\u0119p\u00f3w dziecka: Pedagog specjalny regularnie informuje rodzic\u00f3w o post\u0119pach dziecka, zar\u00f3wno w zakresie rozwoju emocjonalnego, spo\u0142ecznego, jak i edukacyjnego. Wsp\u00f3lnie z rodzicami podejmuje decyzje o dalszych dzia\u0142aniach wspieraj\u0105cych rozw\u00f3j malucha.<\/li>\n<\/ul>\n<h3>4. Zadania wzgl\u0119dem nauczycieli:<\/h3>\n<ul>\n<li>Wsp\u00f3\u0142praca w pracy z dzie\u0107mi: Pedagog specjalny wsp\u00f3\u0142pracuje z nauczycielami, aby dostosowa\u0107 metody nauczania do indywidualnych potrzeb dzieci, zw\u0142aszcza tych, kt\u00f3re maj\u0105 trudno\u015bci w przyswajaniu materia\u0142u. Mo\u017ce proponowa\u0107 zmiany w organizacji zaj\u0119\u0107, metod i technik pracy.<\/li>\n<li>Wspieranie nauczycieli w pracy z dzie\u0107mi ze specjalnymi potrzebami: Pedagog specjalny doradza nauczycielom, jak efektywnie pracowa\u0107 z dzie\u0107mi, kt\u00f3re wymagaj\u0105 dodatkowego wsparcia, np. dzieci z op\u00f3\u017anieniem w rozwoju, dzie\u0107mi z zaburzeniami emocjonalnymi, dzie\u0107mi z autyzmem.<\/li>\n<li>Wsp\u00f3lna analiza trudno\u015bci dzieci: Pedagog specjalny bierze udzia\u0142 w spotkaniach zespo\u0142\u00f3w wychowawczych, na kt\u00f3rych omawiane s\u0105 trudno\u015bci dzieci. Wsp\u00f3lnie z nauczycielami, rodzicami i innymi specjalistami ustala si\u0119, jakie dzia\u0142ania podejmowa\u0107 w celu wspierania rozwoju dziecka.<\/li>\n<li>Tworzenie indywidualnych plan\u00f3w edukacyjnych: Pedagog specjalny mo\u017ce wsp\u00f3\u0142pracowa\u0107 z nauczycielami w opracowywaniu indywidualnych plan\u00f3w edukacyjnych (IPET, WOPFU), kt\u00f3re pomagaj\u0105 dzieciom z trudno\u015bciami w nauce w osi\u0105ganiu sukces\u00f3w na miar\u0119 ich mo\u017cliwo\u015bci.<\/li>\n<\/ul>\n<p>[\/vc_column_text][\/vc_column][\/vc_row]<\/p>\n<\/div>","protected":false},"excerpt":{"rendered":"<p>[vc_row][vc_column][vc_column_text css=&#8221;&#8221;] Pedagog specjalny &#8211; mgr Marika Bu\u0142a Kontakt: mail:\u00a0 marbul4006@edu.wroclaw.pl tel. (71)\u00a0 798 67 99 wew. 155 lub 149 &nbsp; Pedagog specjalny w przedszkolu to osoba, kt\u00f3ra pe\u0142ni bardzo [&hellip;]<\/p>\n","protected":false},"author":72,"featured_media":0,"parent":0,"menu_order":0,"comment_status":"closed","ping_status":"closed","template":"","meta":{"ngg_post_thumbnail":0,"footnotes":""},"class_list":["post-4096","page","type-page","status-publish","hentry","clearfix"],"_links":{"self":[{"href":"https:\/\/przedszkole56.edu.wroclaw.pl\/index.php\/wp-json\/wp\/v2\/pages\/4096","targetHints":{"allow":["GET"]}}],"collection":[{"href":"https:\/\/przedszkole56.edu.wroclaw.pl\/index.php\/wp-json\/wp\/v2\/pages"}],"about":[{"href":"https:\/\/przedszkole56.edu.wroclaw.pl\/index.php\/wp-json\/wp\/v2\/types\/page"}],"author":[{"embeddable":true,"href":"https:\/\/przedszkole56.edu.wroclaw.pl\/index.php\/wp-json\/wp\/v2\/users\/72"}],"replies":[{"embeddable":true,"href":"https:\/\/przedszkole56.edu.wroclaw.pl\/index.php\/wp-json\/wp\/v2\/comments?post=4096"}],"version-history":[{"count":9,"href":"https:\/\/przedszkole56.edu.wroclaw.pl\/index.php\/wp-json\/wp\/v2\/pages\/4096\/revisions"}],"predecessor-version":[{"id":7177,"href":"https:\/\/przedszkole56.edu.wroclaw.pl\/index.php\/wp-json\/wp\/v2\/pages\/4096\/revisions\/7177"}],"wp:attachment":[{"href":"https:\/\/przedszkole56.edu.wroclaw.pl\/index.php\/wp-json\/wp\/v2\/media?parent=4096"}],"curies":[{"name":"wp","href":"https:\/\/api.w.org\/{rel}","templated":true}]}}