
{"id":36,"date":"2020-11-06T11:24:56","date_gmt":"2020-11-06T10:24:56","guid":{"rendered":"https:\/\/przedszkole56.edu.wroclaw.pl\/?page_id=36"},"modified":"2026-01-20T13:23:18","modified_gmt":"2026-01-20T12:23:18","slug":"oferta","status":"publish","type":"page","link":"https:\/\/przedszkole56.edu.wroclaw.pl\/index.php\/strona-glowna\/oferta\/","title":{"rendered":"Osi\u0105gni\u0119cia Certyfikaty"},"content":{"rendered":"<div class=\"wpb-content-wrapper\"><p>[vc_row][vc_column][vc_column_text css_animation=&#8221;bottom-to-top&#8221;]<span style=\"font-size: 12pt\"><strong>Osi\u0105gni\u0119cia przedszkola:<\/strong><\/span><\/p>\n<p><span style=\"font-size: 12pt\">Naszym osi\u0105gni\u0119ciem s\u0105 sukcesy naszych wychowank\u00f3w. Od lat jeste\u015bmy organizatorami szeregu imprez i konkurs\u00f3w wroc\u0142awskich i og\u00f3lnopolskich.<\/span><\/p>\n<p><span style=\"font-size: 12pt\">Niezapomniane wra\u017cenia w NIEZAPOMINAJCE\u00a0 dostarczaj\u0105 coroczne tematyczne festyny rodzinne.<br \/>\n<\/span><\/p>\n<p><span style=\"font-size: 12pt\">\u00a0Co roku organizowane s\u0105 Koncerty Charytatywne ANIO\u0141KOWE GRANIE, wyjazdy na Zielone Przedszkole, warsztaty dla nauczycieli i wychowawc\u00f3w.<\/span><\/p>\n<p><span style=\"font-size: 12pt\">Przedszkole stale wsp\u00f3\u0142pracuje z Rad\u0105 Osiedla Klecina, Ko\u0142em Emeryt\u00f3w i Rencist\u00f3w z Kleciny, MOPS-em, Wroc\u0142awskim Centrum Opieki i Wychowania, Hospicjum dla dzieci. Organizujemy wsp\u00f3lnie Dni Seniora, Wigilie dla samotnych, koncerty, uroczysto\u015bci. W ramach wsp\u00f3\u0142pracy ze Schroniskiem dla zwierz\u0105t co roku organizowane s\u0105 zbi\u00f3rki dar\u00f3w.<\/span><\/p>\n<p><span style=\"font-size: 12pt\">Co roku og\u0142aszane s\u0105 liczne konkursy dla rodzic\u00f3w i dzieci, a ich urozmaicona tematyka sprawia, \u017ce ciesz\u0105 si\u0119 wielk\u0105 popularno\u015bci\u0105. \u00a0Najwi\u0119kszym \u015bwi\u0119tem s\u0105 jednak Urodziny Niezapominajki, kt\u00f3re obchodzone s\u0105 corocznie 12 maja.<\/span>[\/vc_column_text][vc_gallery type=&#8221;image_grid&#8221; images=&#8221;2743,2746,2304,2292,2255,2254,2748,995,994,996,1009,993,992,991,990,989,939,940,941,705,704,703,3731,3730&#8243; img_size=&#8221;200&#215;150&#8243; title=&#8221;Osi\u0105gni\u0119cia i certyfikaty&#8221;][vc_gallery type=&#8221;image_grid&#8221; images=&#8221;4464,4459,4248&#8243; img_size=&#8221;200X150&#8243;][\/vc_column][\/vc_row][vc_row][vc_column][vc_gallery type=&#8221;image_grid&#8221; images=&#8221;7161&#8243; css=&#8221;&#8221;][\/vc_column][\/vc_row]<\/p>\n<\/div>","protected":false},"excerpt":{"rendered":"<p>[vc_row][vc_column][vc_column_text css_animation=&#8221;bottom-to-top&#8221;]Osi\u0105gni\u0119cia przedszkola: Naszym osi\u0105gni\u0119ciem s\u0105 sukcesy naszych wychowank\u00f3w. Od lat jeste\u015bmy organizatorami szeregu imprez i konkurs\u00f3w wroc\u0142awskich i og\u00f3lnopolskich. Niezapomniane wra\u017cenia w NIEZAPOMINAJCE\u00a0 dostarczaj\u0105 coroczne tematyczne festyny rodzinne. \u00a0Co [&hellip;]<\/p>\n","protected":false},"author":72,"featured_media":0,"parent":23,"menu_order":0,"comment_status":"closed","ping_status":"closed","template":"","meta":{"ngg_post_thumbnail":0,"footnotes":""},"class_list":["post-36","page","type-page","status-publish","hentry","clearfix"],"_links":{"self":[{"href":"https:\/\/przedszkole56.edu.wroclaw.pl\/index.php\/wp-json\/wp\/v2\/pages\/36","targetHints":{"allow":["GET"]}}],"collection":[{"href":"https:\/\/przedszkole56.edu.wroclaw.pl\/index.php\/wp-json\/wp\/v2\/pages"}],"about":[{"href":"https:\/\/przedszkole56.edu.wroclaw.pl\/index.php\/wp-json\/wp\/v2\/types\/page"}],"author":[{"embeddable":true,"href":"https:\/\/przedszkole56.edu.wroclaw.pl\/index.php\/wp-json\/wp\/v2\/users\/72"}],"replies":[{"embeddable":true,"href":"https:\/\/przedszkole56.edu.wroclaw.pl\/index.php\/wp-json\/wp\/v2\/comments?post=36"}],"version-history":[{"count":22,"href":"https:\/\/przedszkole56.edu.wroclaw.pl\/index.php\/wp-json\/wp\/v2\/pages\/36\/revisions"}],"predecessor-version":[{"id":7176,"href":"https:\/\/przedszkole56.edu.wroclaw.pl\/index.php\/wp-json\/wp\/v2\/pages\/36\/revisions\/7176"}],"up":[{"embeddable":true,"href":"https:\/\/przedszkole56.edu.wroclaw.pl\/index.php\/wp-json\/wp\/v2\/pages\/23"}],"wp:attachment":[{"href":"https:\/\/przedszkole56.edu.wroclaw.pl\/index.php\/wp-json\/wp\/v2\/media?parent=36"}],"curies":[{"name":"wp","href":"https:\/\/api.w.org\/{rel}","templated":true}]}}