
{"id":311,"date":"2021-04-23T12:51:33","date_gmt":"2021-04-23T10:51:33","guid":{"rendered":"https:\/\/przedszkole56.edu.wroclaw.pl\/?page_id=311"},"modified":"2026-01-30T12:57:53","modified_gmt":"2026-01-30T11:57:53","slug":"rekrutacja","status":"publish","type":"page","link":"https:\/\/przedszkole56.edu.wroclaw.pl\/index.php\/strona-glowna\/rekrutacja\/","title":{"rendered":"Rekrutacja"},"content":{"rendered":"<div class=\"wpb-content-wrapper\"><p>[vc_row][vc_column][vc_column_text css=&#8221;&#8221;]<strong><span style=\"font-size: 14pt\">Drodzy Rodzice,<\/span><\/strong><\/p>\n<p><strong><span style=\"font-size: 14pt\">informujemy, \u017ce rekrutacja do publicznych przedszkoli oraz oddzia\u0142\u00f3w przedszkolnych w publicznych szko\u0142ach podstawowych, na rok 2026\/2027, rozpocznie si\u0119 20 marca 2026 r. od godz. 12.00<\/span><\/strong><\/p>\n<p><span style=\"font-size: 14pt\"><strong>Na stronie<\/strong><\/span><\/p>\n<h2><strong><span style=\"font-size: 14pt\"><a href=\"https:\/\/rekrutacje.edu.wroclaw.pl\/switcher-public\/\">https:\/\/rekrutacje.edu.wroclaw.pl\/switcher-public\/<\/a><\/span><\/strong><\/h2>\n<p><strong><span style=\"font-size: 14pt\">dost\u0119pne s\u0105 wszystkie informacje dotycz\u0105ce rekrutacji, <\/span><\/strong><strong><span style=\"font-size: 14pt\">m.in. harmonogram rekrutacji, kryteria ustawowe, kryteria dodatkowe, dokumenty potwierdzaj\u0105ce kryteria rekrutacyjne.<\/span><\/strong><\/p>\n<p><strong><span style=\"font-size: 18.6667px\">\u00a0<\/span><\/strong><\/p>\n<p>&nbsp;<\/p>\n<p><strong><span style=\"font-size: 14pt\">REKRUTACJA 2026 &#8211; PRZEDSZKOLA I ODDZIA\u0141Y PRZEDSZKOLE &#8211; ZASADY I MATERIA\u0141Y<\/span><\/strong><\/p>\n<p><strong><a href=\"https:\/\/przedszkole56.edu.wroclaw.pl\/wp-content\/uploads\/sites\/51\/2026\/01\/BIULETYN-INFORMACYJNY.pdf\">1 &#8211;\u00a0 BIULETYN INFORMACYJNY<\/a><\/strong><\/p>\n<p><strong><a href=\"https:\/\/przedszkole56.edu.wroclaw.pl\/wp-content\/uploads\/sites\/51\/2026\/01\/DOCHOD.pdf\">2 &#8211; DOCH\u00d3D<\/a><\/strong><\/p>\n<p><strong><a href=\"https:\/\/przedszkole56.edu.wroclaw.pl\/wp-content\/uploads\/sites\/51\/2026\/01\/DZIECI-O-SPECJALNYCH-POTRZEBACH.pdf\">3 &#8211; DZIECI O SPECJALNYCH POTRZEBACH<\/a><\/strong><\/p>\n<p><strong><a href=\"https:\/\/przedszkole56.edu.wroclaw.pl\/wp-content\/uploads\/sites\/51\/2026\/01\/HARMONOGRAM-DLA-RODZICOW-ETAP-PODSTAWOWY.pdf\">5 &#8211; HARMONOGRAM DLA RODZIC\u00d3W &#8211; ETAP PODSTAWOWY<\/a><\/strong><\/p>\n<p><strong><a href=\"https:\/\/przedszkole56.edu.wroclaw.pl\/wp-content\/uploads\/sites\/51\/2026\/01\/HARMONOGRAM-DLA-RODZICOW-ETAP-UZUPELNIAJACY.docx.pdf\">6 &#8211; HARMONOGRAM DLA RODZIC\u00d3W &#8211; ETAP UZUPE\u0141NIAJ\u0104CY.docx<\/a><\/strong><\/p>\n<p><strong><a href=\"https:\/\/przedszkole56.edu.wroclaw.pl\/wp-content\/uploads\/sites\/51\/2026\/01\/INFORMACJE-OGOLNE.pdf\">7 &#8211; INFORMACJE OG\u00d3LNE<\/a><\/strong><\/p>\n<p><strong><a href=\"https:\/\/przedszkole56.edu.wroclaw.pl\/wp-content\/uploads\/sites\/51\/2026\/01\/KONTYNUACJA.pdf\">8 &#8211; KONTYNUACJA<\/a><\/strong><\/p>\n<p><strong><a href=\"https:\/\/przedszkole56.edu.wroclaw.pl\/wp-content\/uploads\/sites\/51\/2026\/01\/KRYTERIA-.pdf\">9 &#8211; KRYTERIA<\/a><\/strong><\/p>\n<p><strong><a href=\"https:\/\/przedszkole56.edu.wroclaw.pl\/wp-content\/uploads\/sites\/51\/2026\/01\/ODWOLANIA.pdf\">10 &#8211; ODWO\u0141ANIA<\/a><\/strong><\/p>\n<p><strong><a href=\"https:\/\/przedszkole56.edu.wroclaw.pl\/wp-content\/uploads\/sites\/51\/2026\/01\/PODSTAWY-PRAWNE.pdf\">11 &#8211; PODSTAWY PRAWNE<\/a><\/strong><\/p>\n<p><strong><a href=\"https:\/\/przedszkole56.edu.wroclaw.pl\/wp-content\/uploads\/sites\/51\/2026\/01\/SAMOTNE-WYCHOWANIE.pdf\">12 &#8211; SAMOTNE WYCHOWANIE<\/a><\/strong><\/p>\n<p><strong><a href=\"https:\/\/przedszkole56.edu.wroclaw.pl\/wp-content\/uploads\/sites\/51\/2026\/01\/UDZIAL-W-REKRUTACJI.pdf\">14 &#8211; UDZIA\u0141 W REKRUTACJI<\/a><\/strong>[\/vc_column_text][\/vc_column][\/vc_row]<\/p>\n<\/div>","protected":false},"excerpt":{"rendered":"<p>[vc_row][vc_column][vc_column_text css=&#8221;&#8221;]Drodzy Rodzice, informujemy, \u017ce rekrutacja do publicznych przedszkoli oraz oddzia\u0142\u00f3w przedszkolnych w publicznych szko\u0142ach podstawowych, na rok 2026\/2027, rozpocznie si\u0119 20 marca 2026 r. od godz. 12.00 Na stronie [&hellip;]<\/p>\n","protected":false},"author":72,"featured_media":0,"parent":23,"menu_order":0,"comment_status":"closed","ping_status":"closed","template":"","meta":{"ngg_post_thumbnail":0,"footnotes":""},"class_list":["post-311","page","type-page","status-publish","hentry","clearfix"],"_links":{"self":[{"href":"https:\/\/przedszkole56.edu.wroclaw.pl\/index.php\/wp-json\/wp\/v2\/pages\/311","targetHints":{"allow":["GET"]}}],"collection":[{"href":"https:\/\/przedszkole56.edu.wroclaw.pl\/index.php\/wp-json\/wp\/v2\/pages"}],"about":[{"href":"https:\/\/przedszkole56.edu.wroclaw.pl\/index.php\/wp-json\/wp\/v2\/types\/page"}],"author":[{"embeddable":true,"href":"https:\/\/przedszkole56.edu.wroclaw.pl\/index.php\/wp-json\/wp\/v2\/users\/72"}],"replies":[{"embeddable":true,"href":"https:\/\/przedszkole56.edu.wroclaw.pl\/index.php\/wp-json\/wp\/v2\/comments?post=311"}],"version-history":[{"count":60,"href":"https:\/\/przedszkole56.edu.wroclaw.pl\/index.php\/wp-json\/wp\/v2\/pages\/311\/revisions"}],"predecessor-version":[{"id":7225,"href":"https:\/\/przedszkole56.edu.wroclaw.pl\/index.php\/wp-json\/wp\/v2\/pages\/311\/revisions\/7225"}],"up":[{"embeddable":true,"href":"https:\/\/przedszkole56.edu.wroclaw.pl\/index.php\/wp-json\/wp\/v2\/pages\/23"}],"wp:attachment":[{"href":"https:\/\/przedszkole56.edu.wroclaw.pl\/index.php\/wp-json\/wp\/v2\/media?parent=311"}],"curies":[{"name":"wp","href":"https:\/\/api.w.org\/{rel}","templated":true}]}}