
{"id":291,"date":"2020-11-23T12:26:30","date_gmt":"2020-11-23T11:26:30","guid":{"rendered":"https:\/\/przedszkole56.edu.wroclaw.pl\/?page_id=291"},"modified":"2024-09-17T19:01:18","modified_gmt":"2024-09-17T17:01:18","slug":"plywanie","status":"publish","type":"page","link":"https:\/\/przedszkole56.edu.wroclaw.pl\/index.php\/plywanie\/","title":{"rendered":"P\u0142ywanie"},"content":{"rendered":"<div class=\"wpb-content-wrapper\"><p>[vc_row][vc_column][vc_column_text css=&#8221;&#8221;]<\/p>\n<div><img loading=\"lazy\" decoding=\"async\" class=\"alignnone wp-image-4667\" src=\"https:\/\/przedszkole56.edu.wroclaw.pl\/wp-content\/uploads\/sites\/51\/2023\/10\/happy-time-300x169.jpg\" alt=\"\" width=\"246\" height=\"138\" srcset=\"https:\/\/przedszkole56.edu.wroclaw.pl\/wp-content\/uploads\/sites\/51\/2023\/10\/happy-time-300x169.jpg 300w, https:\/\/przedszkole56.edu.wroclaw.pl\/wp-content\/uploads\/sites\/51\/2023\/10\/happy-time-1024x576.jpg 1024w, https:\/\/przedszkole56.edu.wroclaw.pl\/wp-content\/uploads\/sites\/51\/2023\/10\/happy-time-768x432.jpg 768w, https:\/\/przedszkole56.edu.wroclaw.pl\/wp-content\/uploads\/sites\/51\/2023\/10\/happy-time-600x338.jpg 600w, https:\/\/przedszkole56.edu.wroclaw.pl\/wp-content\/uploads\/sites\/51\/2023\/10\/happy-time-1536x864.jpg 1536w, https:\/\/przedszkole56.edu.wroclaw.pl\/wp-content\/uploads\/sites\/51\/2023\/10\/happy-time.jpg 1920w\" sizes=\"auto, (max-width: 246px) 100vw, 246px\" \/><\/div>\n<div><img loading=\"lazy\" decoding=\"async\" class=\"wp-image-5356 alignright\" src=\"https:\/\/przedszkole56.edu.wroclaw.pl\/wp-content\/uploads\/sites\/51\/2024\/05\/basen-300x277.png\" alt=\"\" width=\"217\" height=\"200\" srcset=\"https:\/\/przedszkole56.edu.wroclaw.pl\/wp-content\/uploads\/sites\/51\/2024\/05\/basen-300x277.png 300w, https:\/\/przedszkole56.edu.wroclaw.pl\/wp-content\/uploads\/sites\/51\/2024\/05\/basen.png 426w\" sizes=\"auto, (max-width: 217px) 100vw, 217px\" \/><\/div>\n<div><\/div>\n<div><span style=\"font-family: 'times new roman', times;font-size: 14pt\">HAPPY TIME<\/span><\/div>\n<div><span style=\"font-family: 'times new roman', times;font-size: 14pt\">Nauka p\u0142ywania z transportem \u2013 45 minut zaj\u0119\u0107, pomoc w przygotowaniu do zaj\u0119\u0107 i po zaj\u0119ciach, opieka, transport, ma\u0142e grupy w wodzie\u00a0 &#8211; maksymalnie 6 dzieci\/ 1 instruktor.<\/span><\/div>\n<div><span style=\"font-family: 'times new roman', times;font-size: 14pt\">Jak wygl\u0105daj\u0105 zaj\u0119cia mo\u017cna zobaczy\u0107 na filmiku nagranym z udzia\u0142em<br \/>\nPrzedszkolak\u00f3w mi\u0119dzy innymi z Niezapominajki:<\/span><\/div>\n<div><span style=\"font-family: 'times new roman', times;font-size: 14pt\"><a href=\"https:\/\/youtu.be\/oHrn7jOR9BM?si=UGeR21IboeAO7Zfw\" target=\"_blank\" rel=\"noopener noreferrer\">https:\/\/youtu.be\/oHrn7jOR9BM?si=UGeR21IboeAO7Zfw<\/a><\/span><\/div>\n<div><span style=\"font-family: 'times new roman', times;font-size: 14pt\">ZAJ\u0118CIA RAZ W TYGODNIU W NAST\u0118PUJ\u0104CE DNI:<\/span><\/div>\n<p class=\"x_MsoNormal\">GRUPA 1:<\/p>\n<p class=\"x_MsoNormal\">Pierwszy wyjazd grupy:\u00a0<b>Przedszkole Niezapominajka (Du\u017ca, Wielka) 14:30 &#8211; 15:15.<\/b><br \/>\nOrganizowany b\u0119dzie w\u00a0<b>Poniedzia\u0142ek &#8211; 16.09.2024<\/b><\/p>\n<p class=\"x_MsoNormal\">Godzina wyjazdu:\u00a0<b>13:40<\/b><br \/>\nGodzina powrotu:\u00a0<b>17:00 (Powr\u00f3t: Parking Du\u017cej Niezapominajki, odbi\u00f3r bezpo\u015brednio z autobusu)<\/b><\/p>\n<p class=\"x_MsoNormal\">GRUPA 2:<br \/>\nPierwszy wyjazd grupy:\u00a0<b>P Niezapominajka (Ma\u0142a, Du\u017ca, Wielka) 16:00 &#8211; 16:45<\/b><\/p>\n<p class=\"x_MsoNormal\">Organizowany b\u0119dzie w\u00a0<b>Wtorek &#8211; 17.09.2024<\/b><\/p>\n<p class=\"x_MsoNormal\">Godzina wyjazdu:\u00a0<b>15:10<\/b><br \/>\nGodzina powrotu:\u00a0<b>18:00 (Powr\u00f3t: Parking Du\u017cej Niezapominajki, odbi\u00f3r bezpo\u015brednio z autobusu)<\/b><\/p>\n<div><span style=\"font-family: 'times new roman', times;font-size: 14pt\">Oferta:\u00a0<a href=\"https:\/\/www.happy-time.pl\/zapisy\/nauka-plywania\/\" target=\"_blank\" rel=\"noopener noreferrer\">https:\/\/www.happy-time.pl\/zapisy\/nauka-plywania\/<\/a><\/span><\/div>\n<div><span style=\"font-family: 'times new roman', times;font-size: 14pt\">Zapisy:\u00a0<a href=\"https:\/\/happytime.sportsmanago.pl\/rekrutacja\/\" target=\"_blank\" rel=\"noopener noreferrer\">https:\/\/happytime.sportsmanago.pl\/rekrutacja\/<\/a><\/span><\/div>\n<div><span style=\"font-family: 'times new roman', times;font-size: 14pt\">KONTAKT:<\/span><\/div>\n<div><span style=\"font-family: 'times new roman', times;font-size: 14pt\">E-mail:<span style=\"color: black\"><i>\u00a0<\/i><\/span><a href=\"mailto:plywanie@happy-time.pl\" target=\"_blank\" rel=\"noopener noreferrer\"><i>plywanie@happy-time.pl<\/i><\/a><i><\/i><br \/>\n<span style=\"color: black\"><i>Telefon:\u00a0<\/i><\/span><span style=\"color: #333333\"><i>787833990<\/i><\/span><\/span><\/div>\n<div><span style=\"font-family: 'times new roman', times;font-size: 14pt\"><span style=\"color: #333333\"><i>\u00a0<\/i><\/span><\/span><\/div>\n<div><span style=\"font-family: Calibri,sans-serif;font-size: small\"><span style=\"color: #333333;font-family: 'times new roman', times;font-size: 14pt\"><i>Zapraszamy serdecznie!<\/i><\/span><span style=\"font-family: Calibri Light,sans-serif;font-size: medium\"><br \/>\n<\/span><\/span><\/div>\n<p>[\/vc_column_text][\/vc_column][\/vc_row]<\/p>\n<\/div>","protected":false},"excerpt":{"rendered":"<p>[vc_row][vc_column][vc_column_text css=&#8221;&#8221;] HAPPY TIME Nauka p\u0142ywania z transportem \u2013 45 minut zaj\u0119\u0107, pomoc w przygotowaniu do zaj\u0119\u0107 i po zaj\u0119ciach, opieka, transport, ma\u0142e grupy w wodzie\u00a0 &#8211; maksymalnie 6 dzieci\/ [&hellip;]<\/p>\n","protected":false},"author":72,"featured_media":0,"parent":0,"menu_order":0,"comment_status":"closed","ping_status":"closed","template":"","meta":{"ngg_post_thumbnail":0,"footnotes":""},"class_list":["post-291","page","type-page","status-publish","hentry","clearfix"],"_links":{"self":[{"href":"https:\/\/przedszkole56.edu.wroclaw.pl\/index.php\/wp-json\/wp\/v2\/pages\/291","targetHints":{"allow":["GET"]}}],"collection":[{"href":"https:\/\/przedszkole56.edu.wroclaw.pl\/index.php\/wp-json\/wp\/v2\/pages"}],"about":[{"href":"https:\/\/przedszkole56.edu.wroclaw.pl\/index.php\/wp-json\/wp\/v2\/types\/page"}],"author":[{"embeddable":true,"href":"https:\/\/przedszkole56.edu.wroclaw.pl\/index.php\/wp-json\/wp\/v2\/users\/72"}],"replies":[{"embeddable":true,"href":"https:\/\/przedszkole56.edu.wroclaw.pl\/index.php\/wp-json\/wp\/v2\/comments?post=291"}],"version-history":[{"count":8,"href":"https:\/\/przedszkole56.edu.wroclaw.pl\/index.php\/wp-json\/wp\/v2\/pages\/291\/revisions"}],"predecessor-version":[{"id":5570,"href":"https:\/\/przedszkole56.edu.wroclaw.pl\/index.php\/wp-json\/wp\/v2\/pages\/291\/revisions\/5570"}],"wp:attachment":[{"href":"https:\/\/przedszkole56.edu.wroclaw.pl\/index.php\/wp-json\/wp\/v2\/media?parent=291"}],"curies":[{"name":"wp","href":"https:\/\/api.w.org\/{rel}","templated":true}]}}