
{"id":287,"date":"2020-11-23T11:14:20","date_gmt":"2020-11-23T10:14:20","guid":{"rendered":"https:\/\/przedszkole56.edu.wroclaw.pl\/?page_id=287"},"modified":"2025-09-04T15:23:41","modified_gmt":"2025-09-04T13:23:41","slug":"szachy","status":"publish","type":"page","link":"https:\/\/przedszkole56.edu.wroclaw.pl\/index.php\/szachy\/","title":{"rendered":"Szachy"},"content":{"rendered":"<div class=\"wpb-content-wrapper\"><p>[vc_row][vc_column][vc_column_text css=&#8221;&#8221;]<strong><em><img loading=\"lazy\" decoding=\"async\" class=\"alignnone size-medium wp-image-5360\" src=\"https:\/\/przedszkole56.edu.wroclaw.pl\/wp-content\/uploads\/sites\/51\/2024\/05\/szachy-300x233.png\" alt=\"\" width=\"300\" height=\"233\" srcset=\"https:\/\/przedszkole56.edu.wroclaw.pl\/wp-content\/uploads\/sites\/51\/2024\/05\/szachy-300x233.png 300w, https:\/\/przedszkole56.edu.wroclaw.pl\/wp-content\/uploads\/sites\/51\/2024\/05\/szachy.png 519w\" sizes=\"auto, (max-width: 300px) 100vw, 300px\" \/><\/em><\/strong><\/p>\n<p><strong><em>SZACHY<\/em><\/strong>\u00a0<strong><em>\u2013 \u00a0zapisy drog\u0105 mailow\u0105<\/em><\/strong>\u00a0<a href=\"mailto:towgis@wp.pl\"><em>towgis@wp.pl<\/em><\/a><\/p>\n<p>&nbsp;<\/p>\n<p><strong><em>Zaj\u0119cia bazuj\u0105 na literaturze oraz do\u015bwiadczeniu i kieruj\u0105 si\u0119 zasad\u0105 \u201eBawi\u0105c uczy\u0107\u201d;<\/em><\/strong><\/p>\n<p><em>Z nami dziecko poznaje jedn\u0105 z najstarszych dyscyplin sportowych na \u015bwiecie, kt\u00f3rej istot\u0105 jest samodzielne, logiczne rozumowanie oraz kreatywno\u015b\u0107 \u00a0\u00a0i aktywno\u015b\u0107 tw\u00f3rcza. Dzieci postrzegaj\u0105 szachy jako zabaw\u0119, a jednocze\u015bnie doskonal\u0105 umys\u0142y, ucz\u0105 si\u0119 koncentracji\u00a0 odpowiedzialno\u015bci za podejmowane decyzje, a tak\u017ce rozwijaj\u0105 wyobra\u017ani\u0119 i pami\u0119\u0107.<\/em>\u00a0<em>Ta kr\u00f3lewska, szlachetna gra uczy, bawi, a jednocze\u015bnie wychowuje, jest odbiciem wielu \u017cyciowych proces\u00f3w, mi\u0119dzy innymi: przewidywania, planowania, realizacji tych plan\u00f3w w okre\u015blonym czasie, podejmowania decyzji, pokonywania problem\u00f3w i przeciwno\u015bci losu.<\/em><\/p>\n<p><em>Zaj\u0119cia:<\/em><\/p>\n<ul>\n<li><strong><em>kszta\u0142c\u0105 logiczne my\u015blenie oraz wyobra\u017ani\u0119 przestrzenn\u0105, wspomagaj\u0105 pami\u0119\u0107 i koncentracj\u0119, ucz\u0105 zasad fair play;<\/em><\/strong><\/li>\n<li><strong><em>odbywaj\u0105 si\u0119 w grupach 4-6-osobowych 4 razy w miesi\u0105cu.<\/em><\/strong>\u00a0<em>(w przypadku nie odbycia si\u0119 zaj\u0119\u0107 w wyznaczonym terminie, mog\u0105 zosta\u0107 one odrobione w innym ustalonym czasie, b\u0105d\u017a wynagrodzenie miesi\u0119czne zostanie pomniejszone proporcjonalnie do ilo\u015bci nie odbytych zaj\u0119\u0107)<\/em><\/li>\n<li><strong><em>op\u0142ata miesi\u0119czna wynosi 78 z\u0142 \u2013\u00a0<\/em><\/strong><em>rozliczane w systemie\u00a0miesi\u0119cznym, zaj\u0119cia prosimy op\u0142aca\u0107 do\u00a0<strong>5-tego<\/strong>\u00a0ka\u017cdego rozpocz\u0119tego miesi\u0105ca nauki \u00a0na konto:<\/em><\/li>\n<\/ul>\n<p><strong>63 1560 0013 2653 2324 1396 0001\u00a0<\/strong>(w tytule przelewu prosimy poda\u0107 imi\u0119 i nazwisko dziecka oraz nazw\u0119 grupy, dane firmy do konta EDUA Piotr Towgin ul. Kazimerska 21\/7 51-675 Wroc\u0142aw))<strong><em>.<\/em><\/strong><\/p>\n<p>Niedotrzymanie terminu p\u0142atno\u015bci mo\u017ce spowodowa\u0107\u00a0<strong>nieuczestniczenie dziecka w zaj\u0119ciach<\/strong><\/p>\n<p>&nbsp;<\/p>\n<p><strong>ZAPISY i pytania<\/strong>\u00a0prosimy kierowa\u0107 na adres e-mail\u00a0<a href=\"mailto:towgis@wp.pl\">towgis@wp.pl<\/a><\/p>\n<p align=\"center\"><strong><img loading=\"lazy\" decoding=\"async\" class=\"alignnone size-medium wp-image-738\" src=\"https:\/\/przedszkole56.edu.wroclaw.pl\/wp-content\/uploads\/sites\/51\/2021\/01\/checkmate-1511866_640-300x200.jpg\" alt=\"\" width=\"300\" height=\"200\" srcset=\"https:\/\/przedszkole56.edu.wroclaw.pl\/wp-content\/uploads\/sites\/51\/2021\/01\/checkmate-1511866_640-300x200.jpg 300w, https:\/\/przedszkole56.edu.wroclaw.pl\/wp-content\/uploads\/sites\/51\/2021\/01\/checkmate-1511866_640-600x399.jpg 600w, https:\/\/przedszkole56.edu.wroclaw.pl\/wp-content\/uploads\/sites\/51\/2021\/01\/checkmate-1511866_640.jpg 640w\" sizes=\"auto, (max-width: 300px) 100vw, 300px\" \/><\/strong><\/p>\n<p><strong><em>\u00a0<\/em><\/strong>[\/vc_column_text][\/vc_column][\/vc_row]<\/p>\n<\/div>","protected":false},"excerpt":{"rendered":"<p>[vc_row][vc_column][vc_column_text css=&#8221;&#8221;] SZACHY\u00a0\u2013 \u00a0zapisy drog\u0105 mailow\u0105\u00a0towgis@wp.pl &nbsp; Zaj\u0119cia bazuj\u0105 na literaturze oraz do\u015bwiadczeniu i kieruj\u0105 si\u0119 zasad\u0105 \u201eBawi\u0105c uczy\u0107\u201d; Z nami dziecko poznaje jedn\u0105 z najstarszych dyscyplin sportowych na \u015bwiecie, [&hellip;]<\/p>\n","protected":false},"author":72,"featured_media":0,"parent":0,"menu_order":0,"comment_status":"closed","ping_status":"closed","template":"","meta":{"ngg_post_thumbnail":0,"footnotes":""},"class_list":["post-287","page","type-page","status-publish","hentry","clearfix"],"_links":{"self":[{"href":"https:\/\/przedszkole56.edu.wroclaw.pl\/index.php\/wp-json\/wp\/v2\/pages\/287","targetHints":{"allow":["GET"]}}],"collection":[{"href":"https:\/\/przedszkole56.edu.wroclaw.pl\/index.php\/wp-json\/wp\/v2\/pages"}],"about":[{"href":"https:\/\/przedszkole56.edu.wroclaw.pl\/index.php\/wp-json\/wp\/v2\/types\/page"}],"author":[{"embeddable":true,"href":"https:\/\/przedszkole56.edu.wroclaw.pl\/index.php\/wp-json\/wp\/v2\/users\/72"}],"replies":[{"embeddable":true,"href":"https:\/\/przedszkole56.edu.wroclaw.pl\/index.php\/wp-json\/wp\/v2\/comments?post=287"}],"version-history":[{"count":12,"href":"https:\/\/przedszkole56.edu.wroclaw.pl\/index.php\/wp-json\/wp\/v2\/pages\/287\/revisions"}],"predecessor-version":[{"id":6573,"href":"https:\/\/przedszkole56.edu.wroclaw.pl\/index.php\/wp-json\/wp\/v2\/pages\/287\/revisions\/6573"}],"wp:attachment":[{"href":"https:\/\/przedszkole56.edu.wroclaw.pl\/index.php\/wp-json\/wp\/v2\/media?parent=287"}],"curies":[{"name":"wp","href":"https:\/\/api.w.org\/{rel}","templated":true}]}}