
{"id":284,"date":"2020-11-23T11:03:53","date_gmt":"2020-11-23T10:03:53","guid":{"rendered":"https:\/\/przedszkole56.edu.wroclaw.pl\/?page_id=284"},"modified":"2024-05-10T11:17:21","modified_gmt":"2024-05-10T09:17:21","slug":"zajecia-teatralne","status":"publish","type":"page","link":"https:\/\/przedszkole56.edu.wroclaw.pl\/index.php\/zajecia-teatralne\/","title":{"rendered":"Zaj\u0119cia teatralne"},"content":{"rendered":"<div class=\"wpb-content-wrapper\"><p>[vc_row][vc_column][vc_column_text]<\/p>\n<p align=\"center\"><img loading=\"lazy\" decoding=\"async\" class=\"alignnone size-medium wp-image-5364\" src=\"https:\/\/przedszkole56.edu.wroclaw.pl\/wp-content\/uploads\/sites\/51\/2024\/05\/teatr-300x286.png\" alt=\"\" width=\"300\" height=\"286\" srcset=\"https:\/\/przedszkole56.edu.wroclaw.pl\/wp-content\/uploads\/sites\/51\/2024\/05\/teatr-300x286.png 300w, https:\/\/przedszkole56.edu.wroclaw.pl\/wp-content\/uploads\/sites\/51\/2024\/05\/teatr.png 539w\" sizes=\"auto, (max-width: 300px) 100vw, 300px\" \/><\/p>\n<p class=\"x_MsoNormal\" align=\"center\"><span style=\"font-family: 'times new roman', times;font-size: 14pt\"><b>Drodzy Rodzice!!!<\/b><\/span><\/p>\n<p class=\"x_MsoNormal\"><span style=\"font-family: 'times new roman', times;font-size: 14pt\">Zapraszamy Pa\u0144stwa dzieci do udzia\u0142u w niezwykle rozwojowych, interesuj\u0105cych i anga\u017cuj\u0105cych warsztatach teatralnych, kt\u00f3re prowadzimy z powodzeniem m.in. w przedszkolach Niezapominajka ju\u017c od kilku lat. Zaj\u0119cia prowadzone s\u0105 za pomoc\u0105 nowatorskich metod \u0142\u0105cz\u0105cych w sobie teatr s\u0142owa z teatrem pantomimy i teatrem lalek, w trakcie kt\u00f3rych wykorzystywana jest naturalna potrzeba ruchu i zabawy u dzieci.<\/span><\/p>\n<p class=\"x_MsoNormal\"><span style=\"font-family: 'times new roman', times;font-size: 14pt\"><b>Co Nas wyr\u00f3\u017cnia?<\/b><\/span><\/p>\n<p class=\"x_MsoNormal\"><span style=\"font-family: 'times new roman', times;font-size: 14pt\">Oferowane przez Nas zaj\u0119cia prowadzone s\u0105 przez aktor\u00f3w i re\u017cyser\u00f3w, b\u0119d\u0105cych jednocze\u015bnie wykwalifikowanymi instruktorami teatralnymi, wykszta\u0142conymi i do\u015bwiadczonymi pedagogami, dla kt\u00f3rych praca z dzie\u0107mi to prawdziwa pasja i r<\/span><\/p>\n<p class=\"x_MsoNormal\"><span style=\"font-family: 'times new roman', times;font-size: 14pt\"><b>Nasze zaj\u0119cia:<\/b><\/span><\/p>\n<p class=\"x_MsoNormal\"><span style=\"font-family: 'times new roman', times;font-size: 14pt\">\u00a0\u00a0\u00a0\u00a0\u00a0\u00a0\u00a0\u00a0\u00a0\u00a0\u00a0\u00a0\u00a0\u00a0\u00a0\u00a0\u00a0\u00a0\u00a0\u00a0\u00a0 \u00a0\u00a0\u00a0\u00a0\u00a0\u00a0\u00a0\u00a0\u00a0\u00a0\u00a0\u00a0&#8211;<b> <\/b>pobudzaj\u0105 kreatywno\u015b\u0107, wyobra\u017ani\u0119 i potencja\u0142 tw\u00f3rczy;<\/span><\/p>\n<p class=\"x_MsoNormal\"><span style=\"font-family: 'times new roman', times;font-size: 14pt\">\u00a0 \u00a0 \u00a0 \u00a0 \u00a0 \u00a0 \u00a0 \u00a0 \u00a0 \u00a0 \u00a0 \u00a0 \u00a0 \u00a0 \u00a0 \u00a0 \u00a0 &#8211; daj\u0105 przestrze\u0144 do proponowania indywidualnych pomys\u0142\u00f3w i rozwi\u0105za\u0144;<\/span><\/p>\n<p class=\"x_MsoNormal\"><span style=\"font-family: 'times new roman', times;font-size: 14pt\">\u00a0\u00a0\u00a0\u00a0\u00a0\u00a0\u00a0\u00a0\u00a0\u00a0\u00a0\u00a0\u00a0\u00a0\u00a0\u00a0\u00a0\u00a0\u00a0\u00a0\u00a0\u00a0\u00a0\u00a0\u00a0\u00a0\u00a0\u00a0\u00a0\u00a0\u00a0\u00a0\u00a0 &#8211; o\u015bmielaj\u0105 przed wyst\u0119pami publicznymi;<\/span><\/p>\n<p class=\"x_MsoNormal\"><span style=\"font-family: 'times new roman', times;font-size: 14pt\">\u00a0\u00a0\u00a0\u00a0\u00a0\u00a0\u00a0\u00a0\u00a0\u00a0\u00a0\u00a0\u00a0\u00a0\u00a0\u00a0\u00a0\u00a0\u00a0\u00a0\u00a0\u00a0\u00a0\u00a0\u00a0\u00a0\u00a0\u00a0\u00a0\u00a0\u00a0\u00a0\u00a0 &#8211; powoduj\u0105 wzrost pewno\u015bci siebie;<\/span><\/p>\n<p class=\"x_MsoNormal\"><span style=\"font-family: 'times new roman', times;font-size: 14pt\">\u00a0\u00a0\u00a0\u00a0\u00a0\u00a0\u00a0\u00a0\u00a0\u00a0\u00a0\u00a0\u00a0\u00a0\u00a0\u00a0\u00a0\u00a0\u00a0\u00a0\u00a0\u00a0\u00a0\u00a0\u00a0\u00a0\u00a0\u00a0\u00a0\u00a0\u00a0\u00a0\u00a0 &#8211; rozwijaj\u0105 prawid\u0142ow\u0105 wymow\u0119 i dykcj\u0119;<\/span><\/p>\n<p class=\"x_MsoNormal\"><span style=\"font-family: 'times new roman', times;font-size: 14pt\">\u00a0\u00a0\u00a0\u00a0\u00a0\u00a0\u00a0\u00a0\u00a0\u00a0\u00a0\u00a0\u00a0\u00a0\u00a0\u00a0\u00a0\u00a0\u00a0\u00a0\u00a0\u00a0\u00a0\u00a0\u00a0\u00a0\u00a0\u00a0\u00a0\u00a0\u00a0\u00a0\u00a0 &#8211; rozwijaj\u0105 kompetencje spo\u0142eczne.<\/span><\/p>\n<p class=\"x_MsoNormal\"><span style=\"font-family: 'times new roman', times;font-size: 14pt\">\u00a0\u00a0\u00a0\u00a0\u00a0\u00a0\u00a0\u00a0\u00a0\u00a0\u00a0\u00a0\u00a0\u00a0\u00a0\u00a0\u00a0\u00a0\u00a0\u00a0\u00a0\u00a0\u00a0\u00a0\u00a0\u00a0\u00a0\u00a0\u00a0\u00a0\u00a0 \u00a0&#8211; na zaj\u0119ciach u\u017cywamy kostium\u00f3w teatralnych, masek oraz lalek teatralnych<\/span><\/p>\n<p><span style=\"font-family: 'times new roman', times;font-size: 14pt\">Koszt zaj\u0119\u0107:<\/span><\/p>\n<p><span style=\"font-family: 'times new roman', times;font-size: 14pt\">80 z\u0142\/ msc. (\u00a0 1 raz w tygodniu \/4 zaj\u0119cia w miesi\u0105cu po 30 min.)<\/span><\/p>\n<p><span style=\"font-family: 'times new roman', times;font-size: 14pt\">W przypadku:<\/span><\/p>\n<p><span style=\"font-family: 'times new roman', times;font-size: 14pt\">4 nieobecno\u015bci\u00a0 w msc. \u2013 brak op\u0142aty<\/span><\/p>\n<p><span style=\"font-family: 'times new roman', times;font-size: 14pt\">3 nieobecno\u015bci w msc.\u2013 po\u0142owa op\u0142aty<\/span><\/p>\n<p><span style=\"font-family: 'times new roman', times;font-size: 14pt\">1-2 nieobecno\u015bci w msc.\u2013 ca\u0142o\u015b\u0107 op\u0142aty<\/span><\/p>\n<p><span style=\"font-family: 'times new roman', times;font-size: 14pt\">Zapisy:<\/span><\/p>\n<p><span style=\"font-family: 'times new roman', times;font-size: 14pt\">na li\u015bcie w przedszkolu lub wysy\u0142aj\u0105c sms-a pod numer \u00a0tel.: 796-389-485 do\u00a0P. Magdaleny M\u0142ynarczyk ( w tre\u015bci:\u00a0imi\u0119 i nazwisko dziecka\/przedszkole\/ grupa przedszkolna\/ wybrana godzina zaj\u0119\u0107).<\/span><\/p>\n<p><span style=\"font-family: 'times new roman', times;font-size: 14pt\">Kiedy?<\/span><\/p>\n<p><span style=\"font-family: 'times new roman', times;font-size: 14pt\">Niezapominajka Ma\u0142a:<\/span><\/p>\n<p><span style=\"font-family: 'times new roman', times;font-size: 14pt\">PONIEDZIA\u0141EK:<\/span><\/p>\n<p><span style=\"font-family: 'times new roman', times;font-size: 14pt\">16.15 \u2013 16.45<\/span><\/p>\n<p><span style=\"font-family: 'times new roman', times;font-size: 14pt\">Niezapominajka Du\u017ca:<\/span><\/p>\n<p><span style=\"font-family: 'times new roman', times;font-size: 14pt\">CZWARTEK<\/span><\/p>\n<p><span style=\"font-family: 'times new roman', times;font-size: 14pt\">15.30 \u2013 16.00<\/span><\/p>\n<p><span style=\"font-family: 'times new roman', times;font-size: 14pt\">Niezapominajka Wielka:<\/span><\/p>\n<p><span style=\"font-family: 'times new roman', times;font-size: 14pt\">\u015aRODA<\/span><\/p>\n<p><span style=\"font-family: 'times new roman', times;font-size: 14pt\">I gr.:\u00a0 15.30 \u2013 16.00<\/span><\/p>\n<p><span style=\"font-family: 'times new roman', times;font-size: 14pt\">II gr.: 16.15 \u2013 16.45<\/span><\/p>\n<p><span style=\"font-family: 'times new roman', times;font-size: 14pt\">ZAPRASZAMY!!!<\/span>[\/vc_column_text][\/vc_column][\/vc_row]<\/p>\n<\/div>","protected":false},"excerpt":{"rendered":"<p>[vc_row][vc_column][vc_column_text] Drodzy Rodzice!!! Zapraszamy Pa\u0144stwa dzieci do udzia\u0142u w niezwykle rozwojowych, interesuj\u0105cych i anga\u017cuj\u0105cych warsztatach teatralnych, kt\u00f3re prowadzimy z powodzeniem m.in. w przedszkolach Niezapominajka ju\u017c od kilku lat. Zaj\u0119cia prowadzone [&hellip;]<\/p>\n","protected":false},"author":72,"featured_media":0,"parent":0,"menu_order":0,"comment_status":"closed","ping_status":"closed","template":"","meta":{"ngg_post_thumbnail":0,"footnotes":""},"class_list":["post-284","page","type-page","status-publish","hentry","clearfix"],"_links":{"self":[{"href":"https:\/\/przedszkole56.edu.wroclaw.pl\/index.php\/wp-json\/wp\/v2\/pages\/284","targetHints":{"allow":["GET"]}}],"collection":[{"href":"https:\/\/przedszkole56.edu.wroclaw.pl\/index.php\/wp-json\/wp\/v2\/pages"}],"about":[{"href":"https:\/\/przedszkole56.edu.wroclaw.pl\/index.php\/wp-json\/wp\/v2\/types\/page"}],"author":[{"embeddable":true,"href":"https:\/\/przedszkole56.edu.wroclaw.pl\/index.php\/wp-json\/wp\/v2\/users\/72"}],"replies":[{"embeddable":true,"href":"https:\/\/przedszkole56.edu.wroclaw.pl\/index.php\/wp-json\/wp\/v2\/comments?post=284"}],"version-history":[{"count":9,"href":"https:\/\/przedszkole56.edu.wroclaw.pl\/index.php\/wp-json\/wp\/v2\/pages\/284\/revisions"}],"predecessor-version":[{"id":5365,"href":"https:\/\/przedszkole56.edu.wroclaw.pl\/index.php\/wp-json\/wp\/v2\/pages\/284\/revisions\/5365"}],"wp:attachment":[{"href":"https:\/\/przedszkole56.edu.wroclaw.pl\/index.php\/wp-json\/wp\/v2\/media?parent=284"}],"curies":[{"name":"wp","href":"https:\/\/api.w.org\/{rel}","templated":true}]}}