
{"id":277,"date":"2020-11-23T10:54:27","date_gmt":"2020-11-23T09:54:27","guid":{"rendered":"https:\/\/przedszkole56.edu.wroclaw.pl\/?page_id=277"},"modified":"2025-09-30T11:01:13","modified_gmt":"2025-09-30T09:01:13","slug":"pilka-nozna","status":"publish","type":"page","link":"https:\/\/przedszkole56.edu.wroclaw.pl\/index.php\/pilka-nozna\/","title":{"rendered":"Pi\u0142ka no\u017cna"},"content":{"rendered":"<div class=\"wpb-content-wrapper\"><p>[vc_row][vc_column][vc_gallery type=&#8221;image_grid&#8221; images=&#8221;6720&#8243; css=&#8221;&#8221;][vc_column_text css=&#8221;&#8221;]<span style=\"font-size: 14pt\"><strong><img loading=\"lazy\" decoding=\"async\" class=\"alignnone wp-image-5354\" src=\"https:\/\/przedszkole56.edu.wroclaw.pl\/wp-content\/uploads\/sites\/51\/2024\/05\/Bez-tytulu-300x288.png\" alt=\"\" width=\"157\" height=\"151\" srcset=\"https:\/\/przedszkole56.edu.wroclaw.pl\/wp-content\/uploads\/sites\/51\/2024\/05\/Bez-tytulu-300x288.png 300w, https:\/\/przedszkole56.edu.wroclaw.pl\/wp-content\/uploads\/sites\/51\/2024\/05\/Bez-tytulu.png 582w\" sizes=\"auto, (max-width: 157px) 100vw, 157px\" \/> <\/strong><\/span><span style=\"font-size: 14pt\"><strong>Zaj\u0119cia prowadzi <\/strong><\/span><span style=\"font-size: 14pt\"><strong>mgr Rafa\u0142 Prorok &#8211; <\/strong><\/span><span style=\"font-size: 14pt\"><strong>AKADEMIA PI\u0141KARSKA \u201eDUDA\u201d<\/strong><\/span><\/p>\n<p><span style=\"font-size: 14pt\"><strong>Zaj\u0119cia odbywaj\u0105 si\u0119 raz w tygodniu, trwaj\u0105 od 30\u00a0 do 45 minut (w zale\u017cno\u015bci od wieku dzieci)<\/strong><\/span><\/p>\n<p><span style=\"font-size: 14pt\">Szanowni Pa\u0144stwo, <\/span><span style=\"font-size: 14pt\">serdecznie zapraszamy Pa\u0144stwa pociechy na zaj\u0119cia z pi\u0142ki no\u017cnej organizowanych przez Akademi\u0119 Pi\u0142karsk\u0105 Profi Sport- Duda.<\/span><br \/>\n<span style=\"font-size: 14pt\">Wprowadzamy dzieciaki w \u015bwiat pi\u0142ki no\u017cnej w Przedszkolach Niezapominajka ju\u017c od kilku lat.<\/span><\/p>\n<ul>\n<li><span style=\"font-size: 14pt\">Zaj\u0119cia skierowane s\u0105 do dzieci w wieku 3-7 lat.<\/span><\/li>\n<li><span style=\"font-size: 14pt\">Odbywaj\u0105 si\u0119 raz w tygodniu na terenie plac\u00f3wki w wyznaczonych przez dyrektora przedszkola godzinach.<\/span><\/li>\n<li><span style=\"font-size: 14pt\">Szczeg\u00f3\u0142owe informacje znajdziecie Pa\u0144stwo na plakacie oraz w ofercie, kt\u00f3re za\u0142\u0105czam w niniejszym e-mailu.<\/span><\/li>\n<li><span style=\"font-size: 14pt\">Zach\u0119cam serdecznie do zapisania dziecka na zaj\u0119cia.<\/span><\/li>\n<li><span style=\"font-size: 14pt\">W razie pyta\u0144 i w\u0105tpliwo\u015bci pozostaj\u0119 do dyspozycji.<\/span><\/li>\n<\/ul>\n<p><span style=\"font-size: 14pt\"><strong>Terminy zaj\u0119\u0107:<\/strong><\/span><\/p>\n<div>\n<h2><strong><span style=\"font-size: 12pt\">WIELKA NIEZAPOMINAJKA:<\/span><\/strong><\/h2>\n<h2><strong><span style=\"font-size: 12pt\">Wtorek:<\/span><\/strong><\/h2>\n<h2><strong><span style=\"font-size: 12pt\">Grupa 1 &#8211; Paj\u0105czki (14:35 &#8211; 15:05)<\/span><\/strong><\/h2>\n<h2><strong><span style=\"font-size: 12pt\">Grupa 2 &#8211;\u00a0 S\u00f3wki (15:10 &#8211; 15:55)<\/span><\/strong><br \/>\n<strong><span style=\"font-size: 12pt\">Grupa 3 &#8211; <\/span><\/strong><strong style=\"font-size: 16px\"><span style=\"font-size: 12pt\">Wa\u017cki<\/span><\/strong><strong style=\"font-size: 16px\"><span style=\"font-size: 12pt\">\u00a0(16:00 &#8211; 16:45)<\/span><\/strong><\/h2>\n<h2><\/h2>\n<h2><strong><span style=\"font-size: 12pt\">Pi\u0105tek:<\/span><\/strong><\/h2>\n<h2><strong><span style=\"font-size: 12pt\">Grupa 1 &#8211; \u015awierszcze\u00a0+ Chrz\u0105szcze\u00a0+ B\u0105czki (15:00 &#8211; 15:45)<\/span><\/strong><\/h2>\n<h2><strong><span style=\"font-size: 12pt\">Grupa 2 &#8211; Stonogi (15:55 &#8211; 16:40)<\/span><\/strong><\/h2>\n<h2><\/h2>\n<h2><strong><span style=\"font-size: 12pt\">DU\u017bA NIEZAPOMINAJKA:<\/span><\/strong><\/h2>\n<h2><strong><span style=\"font-size: 12pt\">\u015aroda:<\/span><\/strong><\/h2>\n<h2><strong><span style=\"font-size: 12pt\">Grupa 1 &#8211; Zaj\u0105czki\u00a0+ \u017buczki (14:35 &#8211; 15:05)<\/span><\/strong><\/h2>\n<h2><strong><span style=\"font-size: 12pt\">Grupa 2 &#8211; \u017babki\u00a0+ Je\u017cyki (15:10 &#8211; 15:55)<\/span><\/strong><\/h2>\n<h2><strong><span style=\"font-size: 12pt\">Grupa 3 &#8211; Kreciki\u00a0+ Myszki (16:00 &#8211; 16:45)<\/span><\/strong><\/h2>\n<h2><\/h2>\n<h2><strong><span style=\"font-size: 12pt\">MA\u0141A NIEZAPOMINAJKA:<\/span><\/strong><\/h2>\n<h2><strong><span style=\"font-size: 12pt\">Czwartek:<\/span><\/strong><\/h2>\n<h2><strong><span style=\"font-size: 12pt\">Grupa 1 &#8211; Pszcz\u00f3\u0142ki\u00a0+ Mr\u00f3wki (14:45 &#8211; 15:15)<\/span><\/strong><\/h2>\n<h2><strong><span style=\"font-size: 12pt\">Grupa 2 &#8211; Bo\u0107ki (15:20 &#8211; 15:55)<\/span><\/strong><\/h2>\n<h2><strong><span style=\"font-size: 12pt\">Grupa 3 &#8211; Motylki (16:00 &#8211; 16:45)<\/span><\/strong><\/h2>\n<\/div>\n<p>[\/vc_column_text][\/vc_column][\/vc_row][vc_row][vc_column][\/vc_column][\/vc_row][vc_row][vc_column][\/vc_column][\/vc_row]<\/p>\n<\/div>","protected":false},"excerpt":{"rendered":"<p>[vc_row][vc_column][vc_gallery type=&#8221;image_grid&#8221; images=&#8221;6720&#8243; css=&#8221;&#8221;][vc_column_text css=&#8221;&#8221;] Zaj\u0119cia prowadzi mgr Rafa\u0142 Prorok &#8211; AKADEMIA PI\u0141KARSKA \u201eDUDA\u201d Zaj\u0119cia odbywaj\u0105 si\u0119 raz w tygodniu, trwaj\u0105 od 30\u00a0 do 45 minut (w zale\u017cno\u015bci od wieku [&hellip;]<\/p>\n","protected":false},"author":72,"featured_media":0,"parent":0,"menu_order":0,"comment_status":"closed","ping_status":"closed","template":"","meta":{"ngg_post_thumbnail":0,"footnotes":""},"class_list":["post-277","page","type-page","status-publish","hentry","clearfix"],"_links":{"self":[{"href":"https:\/\/przedszkole56.edu.wroclaw.pl\/index.php\/wp-json\/wp\/v2\/pages\/277","targetHints":{"allow":["GET"]}}],"collection":[{"href":"https:\/\/przedszkole56.edu.wroclaw.pl\/index.php\/wp-json\/wp\/v2\/pages"}],"about":[{"href":"https:\/\/przedszkole56.edu.wroclaw.pl\/index.php\/wp-json\/wp\/v2\/types\/page"}],"author":[{"embeddable":true,"href":"https:\/\/przedszkole56.edu.wroclaw.pl\/index.php\/wp-json\/wp\/v2\/users\/72"}],"replies":[{"embeddable":true,"href":"https:\/\/przedszkole56.edu.wroclaw.pl\/index.php\/wp-json\/wp\/v2\/comments?post=277"}],"version-history":[{"count":18,"href":"https:\/\/przedszkole56.edu.wroclaw.pl\/index.php\/wp-json\/wp\/v2\/pages\/277\/revisions"}],"predecessor-version":[{"id":6735,"href":"https:\/\/przedszkole56.edu.wroclaw.pl\/index.php\/wp-json\/wp\/v2\/pages\/277\/revisions\/6735"}],"wp:attachment":[{"href":"https:\/\/przedszkole56.edu.wroclaw.pl\/index.php\/wp-json\/wp\/v2\/media?parent=277"}],"curies":[{"name":"wp","href":"https:\/\/api.w.org\/{rel}","templated":true}]}}