
{"id":251,"date":"2020-11-23T07:18:47","date_gmt":"2020-11-23T06:18:47","guid":{"rendered":"https:\/\/przedszkole56.edu.wroclaw.pl\/?page_id=251"},"modified":"2026-02-06T09:02:56","modified_gmt":"2026-02-06T08:02:56","slug":"gimnastyka-ogolnorozwojowa","status":"publish","type":"page","link":"https:\/\/przedszkole56.edu.wroclaw.pl\/index.php\/gimnastyka-ogolnorozwojowa\/","title":{"rendered":"Gimnastyka og\u00f3lnorozwojowa"},"content":{"rendered":"<div class=\"wpb-content-wrapper\"><p>[vc_row][vc_column][vc_column_text css=&#8221;&#8221;]<span style=\"font-size: 14pt\">Zaj\u0119cia prowadzi mgr\u00a0 Piotr Duda <\/span><\/p>\n<p>adres mailowy &#8211;\u00a0 <a class=\"_rpc_i1 o365button\" role=\"link\"><span class=\"allowTextSelection _rpc_C1 ms-font-color-themePrimary ms-font-s\" title=\"piodud5708@edu.wroclaw.pl\">piodud5708@edu.wroclaw.pl<\/span><\/a>[\/vc_column_text][vc_single_image image=&#8221;252&#8243; img_size=&#8221;full&#8221; alignment=&#8221;center&#8221;][vc_column_text css=&#8221;&#8221;]<strong>Wiek przedszkolny to okres wzmo\u017conego wzrostu organizmu dziecka.<\/strong><\/p>\n<p>Ruch jest\u00a0gwarantem zdrowia, rozwijania sprawno\u015bci, nabywania do\u015bwiadcze\u0144, kszta\u0142towania\u00a0nawyk\u00f3w, postaw i umiej\u0119tno\u015bci, a tak\u017ce rozwijania uczu\u0107 spo\u0142ecznych i smaku estetycznego.<\/p>\n<p>Okres przedszkolny i wczesne lata szkolne odzwierciedlaj\u0105 utrwalone w r\u00f3\u017cnym stopniu\u00a0nieprawid\u0142owo\u015bci rozwojowe w zakresie budowy, postawy cia\u0142a, zaniedba\u0144 psychomotorycznych.<\/p>\n<p><span style=\"font-size: 14pt\"><strong>S\u0142awomir Owczarek wskazuje na cztery podstawowe funkcje, jakie\u00a0spe\u0142niaj\u0105 aktywno\u015b\u0107 ruchow\u0105:<\/strong><\/span><\/p>\n<ul>\n<li><strong>stymulacyjn\u0105 \u2013 ruch pobudza rozw\u00f3j organizmu, uaktywnia uk\u0142ad oddechowy.<\/strong><\/li>\n<\/ul>\n<p><strong>Aktywno\u015b\u0107 fizyczna pobudza dojrzewanie uk\u0142adu nerwowego. Dzi\u0119ki ruchowi dziecko\u00a0poznaje otaczaj\u0105cy je \u015bwiat, wzbogaca swoje do\u015bwiadczenia, kszta\u0142tuje pami\u0119\u0107 i uwag\u0119.\u00a0 Rozwija samodzielno\u015b\u0107 dziecka. Aktywno\u015b\u0107 fizyczna wp\u0142ywa na rozw\u00f3j charakteru i\u00a0osobowo\u015bci.<\/strong><\/p>\n<ul>\n<li><strong>adaptacyjn\u0105 \u2013 aktywno\u015b\u0107 ruchowa na rozwin\u0105\u0107 zdolno\u015b\u0107 zaadaptowania si\u0119, czyli przystosowania organizmu dziecka do zmieniaj\u0105cych si\u0119 warunk\u00f3w \u017cycia: klimatu, temperatury, wilgotno\u015bci, ci\u015bnienia, warunk\u00f3w spo\u0142ecznych i materialnych, pracy, nauki, trudno\u015bci dnia codziennego.<\/strong><\/li>\n<\/ul>\n<ul>\n<li><strong>kompensacyjn\u0105 \u2013 czyli wyr\u00f3wnawcz\u0105 &#8211; aktywno\u015b\u0107 fizyczna ma przywr\u00f3ci\u0107 niezb\u0119dn\u0105 dla prawid\u0142owego rozwoju organizmu dziecka r\u00f3wnowag\u0119 czynnik\u00f3w korzystnych i\u00a0 szkodliwych.<\/strong><\/li>\n<\/ul>\n<ul>\n<li><strong>korekcyjn\u0105 \u2013 czyli naprawcz\u0105, musi by\u0107 wykorzystana w tych przypadkach, gdy trzy\u00a0 wymienione wy\u017cej funkcje wychowania fizycznego oka\u017c\u0105 si\u0119 niedostateczne skuteczne, gdy dzia\u0142ania profilaktyczne, jakie pe\u0142ni kompensacja, oka\u017c\u0105 si\u0119 niewystarczaj\u0105ce.\u201d<\/strong> ( KSZTA\u0141TOWANIE SPRAWNO\u015aCI RUCHOWEJ U DZIECI W WIEKU PRZEDSZKOLNYM\u201d)<\/li>\n<\/ul>\n<p>[\/vc_column_text][\/vc_column][\/vc_row]<\/p>\n<\/div>","protected":false},"excerpt":{"rendered":"<p>[vc_row][vc_column][vc_column_text css=&#8221;&#8221;]Zaj\u0119cia prowadzi mgr\u00a0 Piotr Duda adres mailowy &#8211;\u00a0 piodud5708@edu.wroclaw.pl[\/vc_column_text][vc_single_image image=&#8221;252&#8243; img_size=&#8221;full&#8221; alignment=&#8221;center&#8221;][vc_column_text css=&#8221;&#8221;]Wiek przedszkolny to okres wzmo\u017conego wzrostu organizmu dziecka. Ruch jest\u00a0gwarantem zdrowia, rozwijania sprawno\u015bci, nabywania do\u015bwiadcze\u0144, kszta\u0142towania\u00a0nawyk\u00f3w, postaw [&hellip;]<\/p>\n","protected":false},"author":72,"featured_media":0,"parent":0,"menu_order":0,"comment_status":"closed","ping_status":"closed","template":"","meta":{"ngg_post_thumbnail":0,"footnotes":""},"class_list":["post-251","page","type-page","status-publish","hentry","clearfix"],"_links":{"self":[{"href":"https:\/\/przedszkole56.edu.wroclaw.pl\/index.php\/wp-json\/wp\/v2\/pages\/251","targetHints":{"allow":["GET"]}}],"collection":[{"href":"https:\/\/przedszkole56.edu.wroclaw.pl\/index.php\/wp-json\/wp\/v2\/pages"}],"about":[{"href":"https:\/\/przedszkole56.edu.wroclaw.pl\/index.php\/wp-json\/wp\/v2\/types\/page"}],"author":[{"embeddable":true,"href":"https:\/\/przedszkole56.edu.wroclaw.pl\/index.php\/wp-json\/wp\/v2\/users\/72"}],"replies":[{"embeddable":true,"href":"https:\/\/przedszkole56.edu.wroclaw.pl\/index.php\/wp-json\/wp\/v2\/comments?post=251"}],"version-history":[{"count":9,"href":"https:\/\/przedszkole56.edu.wroclaw.pl\/index.php\/wp-json\/wp\/v2\/pages\/251\/revisions"}],"predecessor-version":[{"id":7250,"href":"https:\/\/przedszkole56.edu.wroclaw.pl\/index.php\/wp-json\/wp\/v2\/pages\/251\/revisions\/7250"}],"wp:attachment":[{"href":"https:\/\/przedszkole56.edu.wroclaw.pl\/index.php\/wp-json\/wp\/v2\/media?parent=251"}],"curies":[{"name":"wp","href":"https:\/\/api.w.org\/{rel}","templated":true}]}}