
{"id":1534,"date":"2021-02-25T12:56:05","date_gmt":"2021-02-25T11:56:05","guid":{"rendered":"https:\/\/przedszkole56.edu.wroclaw.pl\/?page_id=1534"},"modified":"2024-10-02T11:10:21","modified_gmt":"2024-10-02T09:10:21","slug":"rytmika","status":"publish","type":"page","link":"https:\/\/przedszkole56.edu.wroclaw.pl\/index.php\/rytmika\/","title":{"rendered":"Rytmika"},"content":{"rendered":"<h2 class=\"x_MsoNormal\"><span style=\"font-size: 14pt\"><b>Zaj\u0119cia Rytmiki prowadzi\u00a0Studio Ruchu Klub Ta\u0144ca Malwina Pietrzyk Nowak, \u0141ukasz Nowak<\/b><\/span><\/h2>\n<p class=\"x_MsoNormal\"><strong><em>Rytmika \u2013 umuzykalnienie jest zaj\u0119ciem zgodnym z podstaw\u0105 programow\u0105 wychowania przedszkolnego. Zaj\u0119cia dostosowane s\u0105 do indywidualnych potrzeb i mo\u017cliwo\u015bci dzieci.<\/em><\/strong><\/p>\n<p class=\"x_MsoNormal\"><strong><em>Umuzykalnienie realizuje podstaw\u0119 programow\u0105 dotycz\u0105c\u0105 rozwoju muzycznego, kszta\u0142towania zdolno\u015bci tw\u00f3rczych dziecka, aparatu mowy, rozwoju spo\u0142ecznego.<\/em><\/strong><\/p>\n<p class=\"x_MsoNormal\"><strong><em>Zaj\u0119cia rytmiczne\u00a0pozwalaj\u0105 wykszta\u0142ci\u0107 u dzieci koordynacj\u0119 ruchow\u0105, poprzez \u0107wiczenia fizyczne w po\u0142\u0105czeniu z bod\u017acami d\u017awi\u0119kowymi.<\/em><\/strong><\/p>\n<p class=\"x_MsoNormal\"><strong><em>Nauczyciel rytmiki uczy dzieci poznawania cech d\u017awi\u0119k\u00f3w \u2013 wysoko\u015bci, czasu trwania. Przekazuje umiej\u0119tno\u015bci odtwarzania rytmu, tempa i metrum.<\/em><\/strong><\/p>\n<p class=\"x_MsoNormal\"><strong><em>Dzieci ucz\u0105 si\u0119 wierszyk\u00f3w i piosenek, ta\u0144c\u00f3w zgodnie z podstaw\u0105 programow\u0105.<\/em><\/strong><\/p>\n<p class=\"x_MsoNormal\"><strong><em>Podczas zaj\u0119\u0107 prowadzone s\u0105 tak\u017ce \u0107wiczenia, kt\u00f3rych celem jest rozwijanie tw\u00f3rczej inwencji dziecka. Nale\u017c\u0105 do nich improwizacje ruchowe, \u015bpiewane i grane.<\/em><\/strong><\/p>\n<p class=\"x_MsoNormal\"><strong><em>\u0106wiczenia tej grupy szczeg\u00f3lnie mocno wi\u0105\u017c\u0105 zadania og\u00f3lnowychowawcze z zadaniami muzyki. Kszta\u0142c\u0105c bowiem samodzielno\u015b\u0107 wypowiedzi, tw\u00f3rcz\u0105 postaw\u0119 i aktywno\u015b\u0107, pozwalaj\u0105 na pozbycie si\u0119\u00a0 wielu zahamowa\u0144.<\/em><\/strong><\/p>\n<p class=\"x_MsoNormal\">Rytmika realizuje tak\u017ce wa\u017cne cele wychowawcze:<\/p>\n<p class=\"x_MsoNormal\">\u2013 uczy spo\u0142ecznych zachowa\u0144;<\/p>\n<p class=\"x_MsoNormal\">\u2013 rozwija zdolno\u015bci kontaktowania si\u0119;<\/p>\n<p class=\"x_MsoNormal\">\u2013 kszta\u0142tuje zdolno\u015b\u0107 wczuwania si\u0119;<\/p>\n<p class=\"x_MsoNormal\">\u2013 dziecko wyrabia poczucie odpowiedzialno\u015bci za siebie i innych<\/p>\n<p class=\"x_MsoNormal\">\u2013 uczy samodzielno\u015bci i przystosowania do grupy jak r\u00f3wnie\u017c niezale\u017cnego, odpowiedzialnego post\u0119powanie wewn\u0105trz grupy r\u00f3wie\u015bniczej;<\/p>\n<p class=\"x_MsoNormal\">\u2013 buduje poczucie w\u0142asnej warto\u015bci, pewno\u015bci siebie i zaufania do siebie;<\/p>\n<p class=\"x_MsoNormal\">\u2013 dziecko nabywa umiej\u0119tno\u015b\u0107 samooceny, decydowanie o sobie;<\/p>\n<p class=\"x_MsoNormal\">Rytmika jest zaj\u0119ciem lubianym przez dzieci ze wzgl\u0119du na kontakt z muzyka, mo\u017cliwo\u015b\u0107 zapewnienie\u00a0im ruchu, kt\u00f3ry dziecku jest niezb\u0119dny i ciekawej atrakcyjnej formy zabawy.<\/p>\n<p class=\"x_MsoNormal\">Dzieci bardzo ch\u0119tnie uczestnicz\u0105 w zaj\u0119ciach rytmiki, oczekuj\u0105 na ni\u0105 z rado\u015bci\u0105 i bior\u0105 w niej czynny udzia\u0142.<\/p>\n<p class=\"x_MsoNormal\">\n<h2 class=\"x_MsoNormal\"><strong><span style=\"font-size: 14pt\">Malwina Pietrzyk-Nowak<\/span><\/strong><\/h2>\n<h2 class=\"x_MsoNormal\"><strong><span style=\"font-size: 14pt\">tel. 607106760<\/span><\/strong><\/h2>\n","protected":false},"excerpt":{"rendered":"<p>Zaj\u0119cia Rytmiki prowadzi\u00a0Studio Ruchu Klub Ta\u0144ca Malwina Pietrzyk Nowak, \u0141ukasz Nowak Rytmika \u2013 umuzykalnienie jest zaj\u0119ciem zgodnym z podstaw\u0105 programow\u0105 wychowania przedszkolnego. Zaj\u0119cia dostosowane s\u0105 do indywidualnych potrzeb i mo\u017cliwo\u015bci [&hellip;]<\/p>\n","protected":false},"author":15,"featured_media":0,"parent":0,"menu_order":0,"comment_status":"closed","ping_status":"closed","template":"","meta":{"ngg_post_thumbnail":0,"footnotes":""},"class_list":["post-1534","page","type-page","status-publish","hentry","clearfix"],"_links":{"self":[{"href":"https:\/\/przedszkole56.edu.wroclaw.pl\/index.php\/wp-json\/wp\/v2\/pages\/1534","targetHints":{"allow":["GET"]}}],"collection":[{"href":"https:\/\/przedszkole56.edu.wroclaw.pl\/index.php\/wp-json\/wp\/v2\/pages"}],"about":[{"href":"https:\/\/przedszkole56.edu.wroclaw.pl\/index.php\/wp-json\/wp\/v2\/types\/page"}],"author":[{"embeddable":true,"href":"https:\/\/przedszkole56.edu.wroclaw.pl\/index.php\/wp-json\/wp\/v2\/users\/15"}],"replies":[{"embeddable":true,"href":"https:\/\/przedszkole56.edu.wroclaw.pl\/index.php\/wp-json\/wp\/v2\/comments?post=1534"}],"version-history":[{"count":7,"href":"https:\/\/przedszkole56.edu.wroclaw.pl\/index.php\/wp-json\/wp\/v2\/pages\/1534\/revisions"}],"predecessor-version":[{"id":5661,"href":"https:\/\/przedszkole56.edu.wroclaw.pl\/index.php\/wp-json\/wp\/v2\/pages\/1534\/revisions\/5661"}],"wp:attachment":[{"href":"https:\/\/przedszkole56.edu.wroclaw.pl\/index.php\/wp-json\/wp\/v2\/media?parent=1534"}],"curies":[{"name":"wp","href":"https:\/\/api.w.org\/{rel}","templated":true}]}}